{"id":1623,"date":"2026-01-02T10:44:17","date_gmt":"2026-01-02T09:44:17","guid":{"rendered":"https:\/\/mnzp.pl\/ksiegarnia\/?post_type=product&#038;p=1623"},"modified":"2026-01-02T10:45:32","modified_gmt":"2026-01-02T09:45:32","slug":"regionalizmy-leksykalne-w-jezyku-mieszkancow-przemysla","status":"publish","type":"product","link":"https:\/\/mnzp.pl\/ksiegarnia\/index.php\/produkt\/regionalizmy-leksykalne-w-jezyku-mieszkancow-przemysla\/","title":{"rendered":"Regionalizmy leksykalne w j\u0119zyku mieszka\u0144c\u00f3w Przemy\u015bla"},"content":{"rendered":"<p>Monografia omawia regionalizmy przemyskie i ich \u017ar\u00f3d\u0142a oraz czynniki kt\u00f3re mia\u0142y wp\u0142yw na kszta\u0142towanie si\u0119 ich regionalnej \u2013 przemyskiej odmiany. <\/p>\n<p>W cz\u0119\u015bci teoretycznej, przedstawiono dotychczasow\u0105 histori\u0119 bada\u0144 nad regionalizmami j\u0119zyka polskiego oraz metodologi\u0119 zastosowan\u0105 w pracy a dalej scharakteryzowano zebrany materia\u0142 \u017ar\u00f3d\u0142owy.<\/p>\n<p>W drugiej cz\u0119\u015bci \u2013 s\u0142ownikowej opisano poszczeg\u00f3lne regionalizmy w postaci hase\u0142 wraz t\u0142umaczeniami ich znaczenia w j\u0119zyku polskim i przyk\u0142adami ich zastosowania w literaturze.<\/p>\n","protected":false},"excerpt":{"rendered":"<h2>Kamila Sujkowska<\/h2>\n<p>Monografia omawia regionalizmy przemyskie i ich \u017ar\u00f3d\u0142a oraz czynniki kt\u00f3re mia\u0142y wp\u0142yw na kszta\u0142towanie si\u0119 ich regionalnej \u2013 przemyskiej odmiany. <\/p>\n","protected":false},"featured_media":1624,"comment_status":"open","ping_status":"closed","template":"","meta":[],"product_brand":[],"product_cat":[16],"product_tag":[64,266,265,58,267],"class_list":{"0":"post-1623","1":"product","2":"type-product","3":"status-publish","4":"has-post-thumbnail","6":"product_cat-ksiazki","7":"product_tag-historia","8":"product_tag-jezykoznawstwo","9":"product_tag-literatura","10":"product_tag-przemysl","11":"product_tag-regionalizmy","13":"first","14":"instock","15":"shipping-taxable","16":"purchasable","17":"product-type-simple"},"_links":{"self":[{"href":"https:\/\/mnzp.pl\/ksiegarnia\/index.php\/wp-json\/wp\/v2\/product\/1623","targetHints":{"allow":["GET"]}}],"collection":[{"href":"https:\/\/mnzp.pl\/ksiegarnia\/index.php\/wp-json\/wp\/v2\/product"}],"about":[{"href":"https:\/\/mnzp.pl\/ksiegarnia\/index.php\/wp-json\/wp\/v2\/types\/product"}],"replies":[{"embeddable":true,"href":"https:\/\/mnzp.pl\/ksiegarnia\/index.php\/wp-json\/wp\/v2\/comments?post=1623"}],"wp:featuredmedia":[{"embeddable":true,"href":"https:\/\/mnzp.pl\/ksiegarnia\/index.php\/wp-json\/wp\/v2\/media\/1624"}],"wp:attachment":[{"href":"https:\/\/mnzp.pl\/ksiegarnia\/index.php\/wp-json\/wp\/v2\/media?parent=1623"}],"wp:term":[{"taxonomy":"product_brand","embeddable":true,"href":"https:\/\/mnzp.pl\/ksiegarnia\/index.php\/wp-json\/wp\/v2\/product_brand?post=1623"},{"taxonomy":"product_cat","embeddable":true,"href":"https:\/\/mnzp.pl\/ksiegarnia\/index.php\/wp-json\/wp\/v2\/product_cat?post=1623"},{"taxonomy":"product_tag","embeddable":true,"href":"https:\/\/mnzp.pl\/ksiegarnia\/index.php\/wp-json\/wp\/v2\/product_tag?post=1623"}],"curies":[{"name":"wp","href":"https:\/\/api.w.org\/{rel}","templated":true}]}}