{"id":162,"date":"2021-10-28T13:04:01","date_gmt":"2021-10-28T11:04:01","guid":{"rendered":"https:\/\/serwer1670446.home.pl\/mnzp\/ksiegarnia\/?post_type=product&#038;p=162"},"modified":"2023-12-04T13:06:06","modified_gmt":"2023-12-04T12:06:06","slug":"somosierra-szkice-do-panoramy-wojciecha-kossaka-i-michala-wywiorskiego-a-ikonografia-wojen-napoleonskich","status":"publish","type":"product","link":"https:\/\/mnzp.pl\/ksiegarnia\/index.php\/produkt\/somosierra-szkice-do-panoramy-wojciecha-kossaka-i-michala-wywiorskiego-a-ikonografia-wojen-napoleonskich\/","title":{"rendered":"Somosierra. Szkice do Panoramy Wojciecha Kossaka i Micha\u0142a Wywi\u00f3rskiego a ikonografia wojen napoleo\u0144skich"},"content":{"rendered":"<p>Publikacja jest pr\u00f3b\u0105 pe\u0142nego, szerokiego ukazania legendy otaczaj\u0105cej bitw\u0119 pod Somosierr\u0105.<\/p>\n<p>Praca dotyka uwarunkowa\u0144 politycznych \u2013 tj. w\u0105tku zwi\u0105zanego z Napoleonem Bonaparte w historii polskiej drogi do niepodleg\u0142o\u015bci, aspekt\u00f3w militarnych oraz ciekawostek zwi\u0105zanych z sam\u0105 bitw\u0105. Przedstawia te\u017c pe\u0142n\u0105 ikonografi\u0119 Bitwy pod Somosierr\u0105, w kt\u00f3r\u0105 wpisuj\u0105 si\u0119 te\u017c znajduj\u0105ce si\u0119 w zbiorach przemyskiego Muzeum Narodowego s\u0142ynne szkice do Panoramy, kt\u00f3rej powstanie poprzedzi\u0142a podr\u00f3\u017c autor\u00f3w do Hiszpanii. Retrospekcja pozwoli\u0142a malarzom wiernie odtworzy\u0107 topografi\u0119 terenu, kolorystyk\u0119 a potem sam\u0105 szar\u017c\u0119 kawalerii.<\/p>\n<p>A jak wygl\u0105da tytu\u0142owy obraz zobaczy\u0107 mo\u017cna na naszej &#8222;wirtualnej panoramie&#8221; dost\u0119pnej pod tym linkiem:\u00a0<a role=\"button\" href=\"https:\/\/mnzp.pl\/panorama\/panorama.html\" target=\"blank\" rel=\"noopener\">Bitwa pod Somosierr\u0105 Wojciech Kosssak, Micha\u0142 Wywi\u00f3rski<\/a><\/p>\n","protected":false},"excerpt":{"rendered":"<h2>Polaczek Janusz<\/h2>\n<p>Publikacja jest pr\u00f3b\u0105 pe\u0142nego, szerokiego ukazania legendy otaczaj\u0105cej bitw\u0119 pod Somosierr\u0105&#8230;<\/p>\n","protected":false},"featured_media":163,"comment_status":"open","ping_status":"closed","template":"","meta":[],"product_brand":[],"product_cat":[16],"product_tag":[154,64,90,93],"class_list":{"0":"post-162","1":"product","2":"type-product","3":"status-publish","4":"has-post-thumbnail","6":"product_cat-ksiazki","7":"product_tag-batalistyka","8":"product_tag-historia","9":"product_tag-malarstwo","10":"product_tag-sztuka","12":"first","13":"outofstock","14":"shipping-taxable","15":"purchasable","16":"product-type-simple"},"_links":{"self":[{"href":"https:\/\/mnzp.pl\/ksiegarnia\/index.php\/wp-json\/wp\/v2\/product\/162","targetHints":{"allow":["GET"]}}],"collection":[{"href":"https:\/\/mnzp.pl\/ksiegarnia\/index.php\/wp-json\/wp\/v2\/product"}],"about":[{"href":"https:\/\/mnzp.pl\/ksiegarnia\/index.php\/wp-json\/wp\/v2\/types\/product"}],"replies":[{"embeddable":true,"href":"https:\/\/mnzp.pl\/ksiegarnia\/index.php\/wp-json\/wp\/v2\/comments?post=162"}],"wp:featuredmedia":[{"embeddable":true,"href":"https:\/\/mnzp.pl\/ksiegarnia\/index.php\/wp-json\/wp\/v2\/media\/163"}],"wp:attachment":[{"href":"https:\/\/mnzp.pl\/ksiegarnia\/index.php\/wp-json\/wp\/v2\/media?parent=162"}],"wp:term":[{"taxonomy":"product_brand","embeddable":true,"href":"https:\/\/mnzp.pl\/ksiegarnia\/index.php\/wp-json\/wp\/v2\/product_brand?post=162"},{"taxonomy":"product_cat","embeddable":true,"href":"https:\/\/mnzp.pl\/ksiegarnia\/index.php\/wp-json\/wp\/v2\/product_cat?post=162"},{"taxonomy":"product_tag","embeddable":true,"href":"https:\/\/mnzp.pl\/ksiegarnia\/index.php\/wp-json\/wp\/v2\/product_tag?post=162"}],"curies":[{"name":"wp","href":"https:\/\/api.w.org\/{rel}","templated":true}]}}