{"id":1619,"date":"2026-01-02T10:30:31","date_gmt":"2026-01-02T09:30:31","guid":{"rendered":"https:\/\/mnzp.pl\/ksiegarnia\/?post_type=product&#038;p=1619"},"modified":"2026-01-02T10:31:29","modified_gmt":"2026-01-02T09:31:29","slug":"archeologiczne-opowiesci-o-przemyslu","status":"publish","type":"product","link":"https:\/\/mnzp.pl\/ksiegarnia\/index.php\/produkt\/archeologiczne-opowiesci-o-przemyslu\/","title":{"rendered":"Archeologiczne opowie\u015bci o Przemy\u015blu"},"content":{"rendered":"<p>Archeologiczne opowie\u015bci to zbi\u00f3r opowiada\u0144 o najdawniejszej historii Przemy\u015bla pocz\u0105wszy od starszej epoki kamienia i \u015bladu pobytu spo\u0142eczno\u015bci graweckich okre\u015blanych tak\u017ce \u201e\u0142owcami mamut\u00f3w\u201d po okres nowo\u017cytny, w kt\u00f3rym Przemy\u015bl by\u0142 ju\u017c dobrze zorganizowanym miastem otoczonym murami, z g\u00f3ruj\u0105cym nad nim zamkiem kr\u00f3lewskim. To opowie\u015bci o najciekawszych i najcenniejszych zabytkach archeologicznych znalezionych na terenie miasta i w jego okolicy. To tak\u017ce historia bada\u0144 archeologicznych i ludzi, kt\u00f3rzy przyczynili si\u0119 do odkrywania i dokumentowania przesz\u0142o\u015bci nadsa\u0144skiego grodu.<\/p>\n<p>Ich autorem jest Andrzej Koperski znany i ceniony przemyski archeolog i muzealnik, wieloletni pracownik Muzeum Narodowego Ziemi Przemyskiej oraz kierownik Dzia\u0142u Archeologii, obecnie na emeryturze. Autor wielu bada\u0144 terenowych i rozpraw naukowych, kt\u00f3ry w swych dociekaniach du\u017co miejsca po\u015bwi\u0119ci\u0142 najdawniejszym dziejom Przemy\u015bla, a w szczeg\u00f3lno\u015bci jego wczesno\u015bredniowiecznej historii. Niebagateln\u0105 cz\u0119\u015b\u0107 jego pracy zawodowej zajmowa\u0142a popularyzacja archeologii jako nauki. Poprzez prowadzone wyk\u0142ady, prelekcje i zaj\u0119cia muzealne z m\u0142odzie\u017c\u0105, a tak\u017ce publikowane na \u0142amach r\u00f3\u017cnych wydawnictw artyku\u0142y przybli\u017ca\u0142 prahistori\u0119 ziem polskich, ze szczeg\u00f3lnym uwzgl\u0119dnieniem regionu przemyskiego i Przemy\u015bla. Pisane przez niego artyku\u0142y popularnonaukowe operuj\u0105 j\u0119zykiem prostym i przyst\u0119pnym, dalekim od naukowej terminologii i zawi\u0142ych rozwa\u017ca\u0144 metodycznych, co pozwala odbiorcy \u0142atwo zobrazowa\u0107 opisywane zagadnienia.<\/p>\n","protected":false},"excerpt":{"rendered":"<h2>Andrzej Koperski<\/h2>\n<p>Archeologiczne opowie\u015bci to zbi\u00f3r opowiada\u0144 o najdawniejszej historii Przemy\u015bla pocz\u0105wszy od starszej epoki kamienia i \u015bladu pobytu spo\u0142eczno\u015bci graweckich okre\u015blanych tak\u017ce \u201e\u0142owcami mamut\u00f3w\u201d po okres nowo\u017cytny&#8230;<\/p>\n","protected":false},"featured_media":1620,"comment_status":"open","ping_status":"closed","template":"","meta":[],"product_brand":[],"product_cat":[16],"product_tag":[122,58],"class_list":{"0":"post-1619","1":"product","2":"type-product","3":"status-publish","4":"has-post-thumbnail","6":"product_cat-ksiazki","7":"product_tag-archeologia","8":"product_tag-przemysl","10":"first","11":"instock","12":"shipping-taxable","13":"purchasable","14":"product-type-simple"},"_links":{"self":[{"href":"https:\/\/mnzp.pl\/ksiegarnia\/index.php\/wp-json\/wp\/v2\/product\/1619","targetHints":{"allow":["GET"]}}],"collection":[{"href":"https:\/\/mnzp.pl\/ksiegarnia\/index.php\/wp-json\/wp\/v2\/product"}],"about":[{"href":"https:\/\/mnzp.pl\/ksiegarnia\/index.php\/wp-json\/wp\/v2\/types\/product"}],"replies":[{"embeddable":true,"href":"https:\/\/mnzp.pl\/ksiegarnia\/index.php\/wp-json\/wp\/v2\/comments?post=1619"}],"wp:featuredmedia":[{"embeddable":true,"href":"https:\/\/mnzp.pl\/ksiegarnia\/index.php\/wp-json\/wp\/v2\/media\/1620"}],"wp:attachment":[{"href":"https:\/\/mnzp.pl\/ksiegarnia\/index.php\/wp-json\/wp\/v2\/media?parent=1619"}],"wp:term":[{"taxonomy":"product_brand","embeddable":true,"href":"https:\/\/mnzp.pl\/ksiegarnia\/index.php\/wp-json\/wp\/v2\/product_brand?post=1619"},{"taxonomy":"product_cat","embeddable":true,"href":"https:\/\/mnzp.pl\/ksiegarnia\/index.php\/wp-json\/wp\/v2\/product_cat?post=1619"},{"taxonomy":"product_tag","embeddable":true,"href":"https:\/\/mnzp.pl\/ksiegarnia\/index.php\/wp-json\/wp\/v2\/product_tag?post=1619"}],"curies":[{"name":"wp","href":"https:\/\/api.w.org\/{rel}","templated":true}]}}