{"id":1617,"date":"2026-01-02T10:25:46","date_gmt":"2026-01-02T09:25:46","guid":{"rendered":"https:\/\/mnzp.pl\/ksiegarnia\/?post_type=product&#038;p=1617"},"modified":"2026-01-02T10:37:49","modified_gmt":"2026-01-02T09:37:49","slug":"antologia-biografii-przemyskich-tom-i","status":"publish","type":"product","link":"https:\/\/mnzp.pl\/ksiegarnia\/index.php\/produkt\/antologia-biografii-przemyskich-tom-i\/","title":{"rendered":"Antologia Biografii Przemyskich. Tom I"},"content":{"rendered":"<p>Publikacja w syntetyczny spos\u00f3b zbiera i porz\u0105dkuje informacje o znanych postaciach przemyskiego \u017cycia spo\u0142ecznego, politycznego, kulturalnego oraz naukowego, kt\u00f3re by\u0142y publikowane na przestrzeni lat jako osobne artyku\u0142y na \u0142amach periodyk\u00f3w przemyskich.<\/p>\n<p>W obecnym tomie zaprezentowano biogramy nast\u0119puj\u0105cych os\u00f3b. Adwokaci: J\u00f3zef Axer, Maurycy Axer, Jan Kanty Drzewicki, Ludwik Grossfeld, Adam Kornel Kropi\u0144ski, Leib Landau, Herman Liberman, Mieczys\u0142aw Malec, Leon Peiper, Maurycy Richter, Bronis\u0142aw Rogalski. Lekarze: Anatol Axer, Marian Burzy\u0144ski, Stanis\u0142awa Wincentyna Drozdowska, Marian Bronis\u0142aw Gorze\u0144ski, Stefan Kaczor, Wies\u0142aw K\u0105dziela, J\u00f3zef K\u0119dzierski, Ryszard Jan Koci\u0119ba, W\u0142adys\u0142aw Kreciarek. Przedstawiciele nauki i kultury: Moj\u017cesz Altbauer, Aleksander Axer, Erwin Axer, Filip Axer, Otto Axer, Saul Axer, Anna Drzewicka, Stanis\u0142aw Ehrlich, Janusz Ekiert, Kazimierz Kling, Henryk Ignacy Oesterreicher, Maksymilian Rose, Rafa\u0142 Taubenschlag, Esriel Leimsieder vel Edward Wichura, Stanis\u0142aw Wis\u0142ocki. W dodatkowym rozdziale \u2013 Wspomnienia ze \u201eS\u0142owaka\u201d autor opisuje: Paw\u0142a Andrzejczyka, Kazimierza Hrycka, Stanis\u0142awa Krysi\u0144skiego, Tadeusza Maksymiliana Krzysika, Juliana Michalca, Jana Mi\u0119sowicza, Piotra Pietraszkiewicza i Andrzeja Szewczyka.<\/p>\n","protected":false},"excerpt":{"rendered":"<h2>Zenon Andrzejewski<\/h2>\n<p>Publikacja w syntetyczny spos\u00f3b zbiera i porz\u0105dkuje informacje o znanych postaciach przemyskiego \u017cycia spo\u0142ecznego, politycznego, kulturalnego oraz naukowego, kt\u00f3re by\u0142y publikowane na przestrzeni lat jako osobne artyku\u0142y na \u0142amach periodyk\u00f3w przemyskich&#8230;<\/p>\n","protected":false},"featured_media":1618,"comment_status":"open","ping_status":"closed","template":"","meta":[],"product_brand":[],"product_cat":[16],"product_tag":[133,64,58,115],"class_list":{"0":"post-1617","1":"product","2":"type-product","3":"status-publish","4":"has-post-thumbnail","6":"product_cat-ksiazki","7":"product_tag-biografie","8":"product_tag-historia","9":"product_tag-przemysl","10":"product_tag-znani-przemyslanie","12":"first","13":"instock","14":"shipping-taxable","15":"purchasable","16":"product-type-simple"},"_links":{"self":[{"href":"https:\/\/mnzp.pl\/ksiegarnia\/index.php\/wp-json\/wp\/v2\/product\/1617","targetHints":{"allow":["GET"]}}],"collection":[{"href":"https:\/\/mnzp.pl\/ksiegarnia\/index.php\/wp-json\/wp\/v2\/product"}],"about":[{"href":"https:\/\/mnzp.pl\/ksiegarnia\/index.php\/wp-json\/wp\/v2\/types\/product"}],"replies":[{"embeddable":true,"href":"https:\/\/mnzp.pl\/ksiegarnia\/index.php\/wp-json\/wp\/v2\/comments?post=1617"}],"wp:featuredmedia":[{"embeddable":true,"href":"https:\/\/mnzp.pl\/ksiegarnia\/index.php\/wp-json\/wp\/v2\/media\/1618"}],"wp:attachment":[{"href":"https:\/\/mnzp.pl\/ksiegarnia\/index.php\/wp-json\/wp\/v2\/media?parent=1617"}],"wp:term":[{"taxonomy":"product_brand","embeddable":true,"href":"https:\/\/mnzp.pl\/ksiegarnia\/index.php\/wp-json\/wp\/v2\/product_brand?post=1617"},{"taxonomy":"product_cat","embeddable":true,"href":"https:\/\/mnzp.pl\/ksiegarnia\/index.php\/wp-json\/wp\/v2\/product_cat?post=1617"},{"taxonomy":"product_tag","embeddable":true,"href":"https:\/\/mnzp.pl\/ksiegarnia\/index.php\/wp-json\/wp\/v2\/product_tag?post=1617"}],"curies":[{"name":"wp","href":"https:\/\/api.w.org\/{rel}","templated":true}]}}