{"id":1615,"date":"2026-01-02T10:17:01","date_gmt":"2026-01-02T09:17:01","guid":{"rendered":"https:\/\/mnzp.pl\/ksiegarnia\/?post_type=product&#038;p=1615"},"modified":"2026-01-02T10:38:35","modified_gmt":"2026-01-02T09:38:35","slug":"przemyski-spacer-z-wierszem-i-kolorowanka","status":"publish","type":"product","link":"https:\/\/mnzp.pl\/ksiegarnia\/index.php\/produkt\/przemyski-spacer-z-wierszem-i-kolorowanka\/","title":{"rendered":"Przemyski spacer z wierszem i kolorowank\u0105"},"content":{"rendered":"<p>Publikacja dla dzieci przedstawiaj\u0105ca ciekawe miejsca Przemy\u015bla i jego najbli\u017cszej okolicy w formie literacko-graficznej. Ka\u017cde z nich zaprezentowano w formie wiersza i rysunku mo\u017cliwego do pokolorowania. Dodatkowo wszystkie obiekty oznaczono na planie miasta dzi\u0119ki czemu, z ksi\u0105\u017ceczk\u0105, kredkami i kawk\u0105 \u2013 Dziubusiem, mo\u017cna odby\u0107 niezwyk\u0142y spacer ulicami Przemy\u015bla.<\/p>\n","protected":false},"excerpt":{"rendered":"<h2>Ma\u0142gorzata Stec, Tomasz Kr\u00f3l<\/h2>\n<p>Publikacja dla dzieci przedstawiaj\u0105ca ciekawe miejsca Przemy\u015bla i jego najbli\u017cszej okolicy w formie literacko-graficznej. Ka\u017cde z nich zaprezentowano w formie wiersza i rysunku mo\u017cliwego do pokolorowania&#8230;<\/p>\n","protected":false},"featured_media":1616,"comment_status":"open","ping_status":"closed","template":"","meta":[],"product_brand":[],"product_cat":[16],"product_tag":[152,64,168,58],"class_list":{"0":"post-1615","1":"product","2":"type-product","3":"status-publish","4":"has-post-thumbnail","6":"product_cat-ksiazki","7":"product_tag-dla-dzieci","8":"product_tag-historia","9":"product_tag-kolorowanka","10":"product_tag-przemysl","12":"first","13":"instock","14":"shipping-taxable","15":"purchasable","16":"product-type-simple"},"_links":{"self":[{"href":"https:\/\/mnzp.pl\/ksiegarnia\/index.php\/wp-json\/wp\/v2\/product\/1615","targetHints":{"allow":["GET"]}}],"collection":[{"href":"https:\/\/mnzp.pl\/ksiegarnia\/index.php\/wp-json\/wp\/v2\/product"}],"about":[{"href":"https:\/\/mnzp.pl\/ksiegarnia\/index.php\/wp-json\/wp\/v2\/types\/product"}],"replies":[{"embeddable":true,"href":"https:\/\/mnzp.pl\/ksiegarnia\/index.php\/wp-json\/wp\/v2\/comments?post=1615"}],"wp:featuredmedia":[{"embeddable":true,"href":"https:\/\/mnzp.pl\/ksiegarnia\/index.php\/wp-json\/wp\/v2\/media\/1616"}],"wp:attachment":[{"href":"https:\/\/mnzp.pl\/ksiegarnia\/index.php\/wp-json\/wp\/v2\/media?parent=1615"}],"wp:term":[{"taxonomy":"product_brand","embeddable":true,"href":"https:\/\/mnzp.pl\/ksiegarnia\/index.php\/wp-json\/wp\/v2\/product_brand?post=1615"},{"taxonomy":"product_cat","embeddable":true,"href":"https:\/\/mnzp.pl\/ksiegarnia\/index.php\/wp-json\/wp\/v2\/product_cat?post=1615"},{"taxonomy":"product_tag","embeddable":true,"href":"https:\/\/mnzp.pl\/ksiegarnia\/index.php\/wp-json\/wp\/v2\/product_tag?post=1615"}],"curies":[{"name":"wp","href":"https:\/\/api.w.org\/{rel}","templated":true}]}}