{"id":160,"date":"2021-10-28T12:55:37","date_gmt":"2021-10-28T10:55:37","guid":{"rendered":"https:\/\/serwer1670446.home.pl\/mnzp\/ksiegarnia\/?post_type=product&#038;p=160"},"modified":"2022-12-09T07:48:57","modified_gmt":"2022-12-09T06:48:57","slug":"fallen-eagle-edmund-graves-pilot-polskiej-7-eskadry","status":"publish","type":"product","link":"https:\/\/mnzp.pl\/ksiegarnia\/index.php\/produkt\/fallen-eagle-edmund-graves-pilot-polskiej-7-eskadry\/","title":{"rendered":"Fallen Eagle. Edmund Graves \u2013 pilot polskiej 7 Eskadry"},"content":{"rendered":"<p>Jesieni\u0105 1918 roku przed odrodzonym pa\u0144stwem polskim stan\u0119\u0142o zadanie kolejnej wojny \u2013 z Ukrai\u0144cami. W walkach o Lw\u00f3w bra\u0142a tak\u017ce udzia\u0142 7 Eskadra My\u015bliwska, kt\u00f3rej trzon stanowili amerykanie, chc\u0105cy w ten spos\u00f3b sp\u0142aci\u0107 d\u0142ug wobec Polak\u00f3w walcz\u0105cych 150 lat wcze\u015bniej o wolno\u015b\u0107 Stan\u00f3w Zjednoczonych, odwdzi\u0119czaj\u0105c si\u0119 za czyny Pu\u0142askiego i Ko\u015bciuszki. Edmund Graves \u2013 przystojny pilot z Massachusetts uchodzi\u0142 za najlepszego w tym gronie. Nie zgin\u0105\u0142 on jednak w czasie lotu bojowego lecz w trakcie pokazu lotniczego, kt\u00f3ry mia\u0142 u\u015bwietni\u0107 obchody pierwszej rocznicy odzyskania wolno\u015bci. Publikacja jest w du\u017cej mierze analiz\u0105 wypadku lotniczego w oparciu o wszelkie mo\u017cliwe \u017ar\u00f3d\u0142a, do kt\u00f3rych uda\u0142o si\u0119 Autorom opracowania dotrze\u0107 i pr\u00f3b\u0105 odpowiedzi na pytanie o przyczyn\u0119 wypadku.<\/p>\n","protected":false},"excerpt":{"rendered":"<h2>Mroczkowski Krzysztof, Fac Lucjan<\/h2>\n<p>Publikacja jest w du\u017cej mierze analiz\u0105 wypadku lotniczego w oparciu o wszelkie mo\u017cliwe \u017ar\u00f3d\u0142a, do kt\u00f3rych uda\u0142o si\u0119 Autorom opracowania dotrze\u0107 i pr\u00f3b\u0105 odpowiedzi na pytanie o przyczyn\u0119 wypadku&#8230;<\/p>\n","protected":false},"featured_media":161,"comment_status":"open","ping_status":"closed","template":"","meta":[],"product_brand":[],"product_cat":[16],"product_tag":[142,64,151,143],"class_list":{"0":"post-160","1":"product","2":"type-product","3":"status-publish","4":"has-post-thumbnail","6":"product_cat-ksiazki","7":"product_tag-biblioteczka-historyczna-mnzp","8":"product_tag-historia","9":"product_tag-lotnictwo","10":"product_tag-lwow","12":"first","13":"instock","14":"shipping-taxable","15":"purchasable","16":"product-type-simple"},"_links":{"self":[{"href":"https:\/\/mnzp.pl\/ksiegarnia\/index.php\/wp-json\/wp\/v2\/product\/160","targetHints":{"allow":["GET"]}}],"collection":[{"href":"https:\/\/mnzp.pl\/ksiegarnia\/index.php\/wp-json\/wp\/v2\/product"}],"about":[{"href":"https:\/\/mnzp.pl\/ksiegarnia\/index.php\/wp-json\/wp\/v2\/types\/product"}],"replies":[{"embeddable":true,"href":"https:\/\/mnzp.pl\/ksiegarnia\/index.php\/wp-json\/wp\/v2\/comments?post=160"}],"wp:featuredmedia":[{"embeddable":true,"href":"https:\/\/mnzp.pl\/ksiegarnia\/index.php\/wp-json\/wp\/v2\/media\/161"}],"wp:attachment":[{"href":"https:\/\/mnzp.pl\/ksiegarnia\/index.php\/wp-json\/wp\/v2\/media?parent=160"}],"wp:term":[{"taxonomy":"product_brand","embeddable":true,"href":"https:\/\/mnzp.pl\/ksiegarnia\/index.php\/wp-json\/wp\/v2\/product_brand?post=160"},{"taxonomy":"product_cat","embeddable":true,"href":"https:\/\/mnzp.pl\/ksiegarnia\/index.php\/wp-json\/wp\/v2\/product_cat?post=160"},{"taxonomy":"product_tag","embeddable":true,"href":"https:\/\/mnzp.pl\/ksiegarnia\/index.php\/wp-json\/wp\/v2\/product_tag?post=160"}],"curies":[{"name":"wp","href":"https:\/\/api.w.org\/{rel}","templated":true}]}}