{"id":1561,"date":"2025-10-24T15:05:44","date_gmt":"2025-10-24T13:05:44","guid":{"rendered":"https:\/\/mnzp.pl\/ksiegarnia\/?post_type=product&#038;p=1561"},"modified":"2025-10-24T15:07:31","modified_gmt":"2025-10-24T13:07:31","slug":"marian-stronski-malarstwo","status":"publish","type":"product","link":"https:\/\/mnzp.pl\/ksiegarnia\/index.php\/produkt\/marian-stronski-malarstwo\/","title":{"rendered":"Marian Stro\u0144ski. Malarstwo"},"content":{"rendered":"<p>Pierwszy album po\u015bwi\u0119cony malarstwu Mariana Stro\u0144skiego (1892\u20131977), najwybitniejszego artysty Przemy\u015bla 2. i 3. \u0107wierci XX wieku: malarza, grafika, projektanta i realizatora polichromii, konserwatora, fotografa, pedagoga.<\/p>\n<p>Bogato ilustrowana publikacja zawiera 155 obraz\u00f3w tw\u00f3rcy zgromadzonych w zbiorach muze\u00f3w w Polsce, t. j.: Muzeum Archidiecezjalnego im. \u015bw. J\u00f3zefa Pelczara w Przemy\u015blu, Muzeum Narodowego w Krakowie, Muzeum Narodowego Ziemi Przemyskiej w Przemy\u015blu, Muzeum w Koszalinie, Muzeum Sztuki w \u0141odzi, Muzeum Okr\u0119gowego w Rzeszowie i Muzeum Regionalnego im. Mieczys\u0142awa As\u0142anowicza w Siedlcach. Ksi\u0105\u017ck\u0119 rozpoczyna \u201eKalendarium \u017cycia i tw\u00f3rczo\u015bci\u201d Stro\u0144skiego ilustrowane fotografiami i reprodukcjami wybranych archiwali\u00f3w. Katalog malarstwa poprzedza wst\u0119p autorki, charakteryzuj\u0105cy tw\u00f3rczo\u015b\u0107 artysty. Prezentacja malarskiego dorobku Stro\u0144skiego zgromadzonego w muzeach w Polsce, podzielona zosta\u0142a na tematyczne dzia\u0142y: \u201ePortret\u201d, \u201ePejza\u017c i architektura\u201d, \u201ePrzemy\u015bl\u201d, \u201eMartwa natura\u201d, \u201eKompozycje\u201d i \u201eKopie\u201d, w kt\u00f3rych zachowano chronologi\u0119. Dodatkowo katalog otwiera rozdzia\u0142 po\u015bwi\u0119cony wyj\u0105tkowemu obrazowi Mariana Stro\u0144skiego, kt\u00f3ry uwa\u017cany by\u0142 do niedawna za zaginiony. To namalowane przez artyst\u0119 w 1913 roku na Akademii Sztuk Pi\u0119knych w Krakowie \u201eStudium starca\u201d. Mimo, \u017ce znajduje si\u0119 ono w zbiorach prywatnych, a nie muzealnych, autorka chce podzieli\u0107 si\u0119 tym niezwyk\u0142ym odkryciem, opisuj\u0105c histori\u0119 odnalezienia p\u0142\u00f3tna.<\/p>\n<p>Ksi\u0105\u017cka jest dwuj\u0119zyczna: zawiera t\u0142umaczenie na j\u0119zyk angielski.<\/p>\n","protected":false},"excerpt":{"rendered":"<h2>Katarzyna Winiarska<\/h2>\n<p>Pierwszy album po\u015bwi\u0119cony malarstwu Mariana Stro\u0144skiego (1892\u20131977), najwybitniejszego artysty Przemy\u015bla 2. i 3. \u0107wierci XX wieku: malarza, grafika, projektanta i realizatora polichromii, konserwatora, fotografa, pedagoga. Wydany zosta\u0142 z okazji 10. rocznicy otwarcia sta\u0142ej wystawy po\u015bwi\u0119conej Marianowi Stro\u0144skiemu w Muzeum Historii Miasta Przemy\u015bla.<\/p>\n","protected":false},"featured_media":1562,"comment_status":"open","ping_status":"closed","template":"","meta":[],"product_brand":[],"product_cat":[16],"product_tag":[125,255,90,254,256,253,58,252],"class_list":{"0":"post-1561","1":"product","2":"type-product","3":"status-publish","4":"has-post-thumbnail","6":"product_cat-ksiazki","7":"product_tag-album","8":"product_tag-kompozycje","9":"product_tag-malarstwo","10":"product_tag-martwa-natura","11":"product_tag-pejzaz","12":"product_tag-portret","13":"product_tag-przemysl","14":"product_tag-stronski","16":"first","17":"instock","18":"shipping-taxable","19":"purchasable","20":"product-type-simple"},"_links":{"self":[{"href":"https:\/\/mnzp.pl\/ksiegarnia\/index.php\/wp-json\/wp\/v2\/product\/1561","targetHints":{"allow":["GET"]}}],"collection":[{"href":"https:\/\/mnzp.pl\/ksiegarnia\/index.php\/wp-json\/wp\/v2\/product"}],"about":[{"href":"https:\/\/mnzp.pl\/ksiegarnia\/index.php\/wp-json\/wp\/v2\/types\/product"}],"replies":[{"embeddable":true,"href":"https:\/\/mnzp.pl\/ksiegarnia\/index.php\/wp-json\/wp\/v2\/comments?post=1561"}],"wp:featuredmedia":[{"embeddable":true,"href":"https:\/\/mnzp.pl\/ksiegarnia\/index.php\/wp-json\/wp\/v2\/media\/1562"}],"wp:attachment":[{"href":"https:\/\/mnzp.pl\/ksiegarnia\/index.php\/wp-json\/wp\/v2\/media?parent=1561"}],"wp:term":[{"taxonomy":"product_brand","embeddable":true,"href":"https:\/\/mnzp.pl\/ksiegarnia\/index.php\/wp-json\/wp\/v2\/product_brand?post=1561"},{"taxonomy":"product_cat","embeddable":true,"href":"https:\/\/mnzp.pl\/ksiegarnia\/index.php\/wp-json\/wp\/v2\/product_cat?post=1561"},{"taxonomy":"product_tag","embeddable":true,"href":"https:\/\/mnzp.pl\/ksiegarnia\/index.php\/wp-json\/wp\/v2\/product_tag?post=1561"}],"curies":[{"name":"wp","href":"https:\/\/api.w.org\/{rel}","templated":true}]}}