{"id":1544,"date":"2025-10-07T09:54:24","date_gmt":"2025-10-07T07:54:24","guid":{"rendered":"https:\/\/mnzp.pl\/ksiegarnia\/?post_type=product&#038;p=1544"},"modified":"2025-10-07T10:01:15","modified_gmt":"2025-10-07T08:01:15","slug":"od-boleslawa-do-stanislawa-z-dziejow-monarchii-polskiej-1025-1795-w-tysiaclecie-koronacji-boleslawa-chrobrego","status":"publish","type":"product","link":"https:\/\/mnzp.pl\/ksiegarnia\/index.php\/produkt\/od-boleslawa-do-stanislawa-z-dziejow-monarchii-polskiej-1025-1795-w-tysiaclecie-koronacji-boleslawa-chrobrego\/","title":{"rendered":"Od Boles\u0142awa do Stanis\u0142awa. Z dziej\u00f3w monarchii polskiej 1025-1795. W tysi\u0105clecie koronacji Boles\u0142awa Chrobrego"},"content":{"rendered":"<p>Ilustrowany katalog, prezentuj\u0105cy zabytki eksponowane na wystawie jubileuszowej od kwietnia do pa\u017adziernika 2025 roku, pod tytu\u0142em &#8222;Od Boles\u0142awa do Stanis\u0142awa. Z dziej\u00f3w monarchii polskiej 1025-1795. W tysi\u0105clecie koronacji Boles\u0142awa Chrobrego&#8221;. Publikacj\u0119 uzupe\u0142niaj\u0105 komentarze tekstowe dotycz\u0105ce poszczeg\u00f3lnych wydarze\u0144 przedstawionych na ekspozycji.<\/p>\n","protected":false},"excerpt":{"rendered":"<h2>Karol Kicman (red.)<\/h2>\n<p>Ilustrowany katalog, prezentuj\u0105cy zabytki eksponowane na wystawie jubileuszowej od kwietnia do pa\u017adziernika 2025 roku, pod tytu\u0142em &#8222;Od Boles\u0142awa do Stanis\u0142awa. Z dziej\u00f3w monarchii polskiej 1025-1795. W tysi\u0105clecie koronacji Boles\u0142awa Chrobrego&#8221;.<\/p>\n","protected":false},"featured_media":1546,"comment_status":"open","ping_status":"closed","template":"","meta":[],"product_brand":[],"product_cat":[16],"product_tag":[166,63,89,247,246],"class_list":{"0":"post-1544","1":"product","2":"type-product","3":"status-publish","4":"has-post-thumbnail","6":"product_cat-ksiazki","7":"product_tag-bron","8":"product_tag-katalog","9":"product_tag-katalogi-wystaw","10":"product_tag-nowozytnosc","11":"product_tag-sredniowiecze","13":"first","14":"instock","15":"shipping-taxable","16":"purchasable","17":"product-type-simple"},"_links":{"self":[{"href":"https:\/\/mnzp.pl\/ksiegarnia\/index.php\/wp-json\/wp\/v2\/product\/1544","targetHints":{"allow":["GET"]}}],"collection":[{"href":"https:\/\/mnzp.pl\/ksiegarnia\/index.php\/wp-json\/wp\/v2\/product"}],"about":[{"href":"https:\/\/mnzp.pl\/ksiegarnia\/index.php\/wp-json\/wp\/v2\/types\/product"}],"replies":[{"embeddable":true,"href":"https:\/\/mnzp.pl\/ksiegarnia\/index.php\/wp-json\/wp\/v2\/comments?post=1544"}],"wp:featuredmedia":[{"embeddable":true,"href":"https:\/\/mnzp.pl\/ksiegarnia\/index.php\/wp-json\/wp\/v2\/media\/1546"}],"wp:attachment":[{"href":"https:\/\/mnzp.pl\/ksiegarnia\/index.php\/wp-json\/wp\/v2\/media?parent=1544"}],"wp:term":[{"taxonomy":"product_brand","embeddable":true,"href":"https:\/\/mnzp.pl\/ksiegarnia\/index.php\/wp-json\/wp\/v2\/product_brand?post=1544"},{"taxonomy":"product_cat","embeddable":true,"href":"https:\/\/mnzp.pl\/ksiegarnia\/index.php\/wp-json\/wp\/v2\/product_cat?post=1544"},{"taxonomy":"product_tag","embeddable":true,"href":"https:\/\/mnzp.pl\/ksiegarnia\/index.php\/wp-json\/wp\/v2\/product_tag?post=1544"}],"curies":[{"name":"wp","href":"https:\/\/api.w.org\/{rel}","templated":true}]}}