{"id":154,"date":"2021-10-28T12:21:20","date_gmt":"2021-10-28T10:21:20","guid":{"rendered":"https:\/\/serwer1670446.home.pl\/mnzp\/ksiegarnia\/?post_type=product&#038;p=154"},"modified":"2022-12-08T14:50:41","modified_gmt":"2022-12-08T13:50:41","slug":"dziedzictwo-kunstkamery-jak-kazimierz-osinski-tworzyl-muzeum","status":"publish","type":"product","link":"https:\/\/mnzp.pl\/ksiegarnia\/index.php\/produkt\/dziedzictwo-kunstkamery-jak-kazimierz-osinski-tworzyl-muzeum\/","title":{"rendered":"Dziedzictwo Kunstkamery. Jak Kazimierz Osi\u0144ski tworzy\u0142 muzeum"},"content":{"rendered":"<p><strong>Praca zbiorowa, Dziedzictwo Kunstkamery. Jak Kazimierz Osi\u0144ski tworzy\u0142 muzeum<\/strong><\/p>\n<p>Bogato ilustrowane (ponad 400 fotografii) wydawnictwo, podobnie jak wystawa pod tym samym tytu\u0142em s\u0105 elementami obchod\u00f3w jubileuszowych organizowanych przez Muzeum Narodowe Ziemi Przemyskiej \u015bwi\u0119tuj\u0105ce 110 lat swego istnienia.<\/p>\n<p>Autorzy obejmuj\u0105 zainteresowaniem pocz\u0105tkowe, nie\u0142atwe lata tworzenia si\u0119 macierzystej instytucji. W pierwszej cz\u0119\u015bci publikacji zamieszczono kilkana\u015bcie r\u00f3\u017cnorodnych, barwnych i pe\u0142nych anegdot esej\u00f3w, po lekturze kt\u00f3rych czytelnik b\u0119dzie m\u00f3g\u0142, jak z okruch\u00f3w wspomnie\u0144, u\u0142o\u017cy\u0107 sobie sw\u00f3j w\u0142asny obraz \u2013 Jak Osi\u0144ski tworzy\u0142 muzeum. B\u0119dzie to obraz niedopowiedziany, szkic raczej, bo dzia\u0142ania pierwszego kustosza muzeum, in\u017cyniera architekta Kazimierza Osi\u0144skiego wci\u0105\u017c wymagaj\u0105 bada\u0144. Druga cz\u0119\u015b\u0107 wydawnictwa mie\u015bci katalog zawieraj\u0105cy ponad 330 obszernych not zabytk\u00f3w prezentowanych na jubileuszowej wystawie. Zabytki te pochodz\u0105 z pierwszych zbior\u00f3w przemyskiej plac\u00f3wki, a prezentowane s\u0105 w katalogu w taki spos\u00f3b, by jak najlepiej pokaza\u0107 realia muzealne sprzed 110 lat, by okre\u015bli\u0107 charakter pierwotnej kolekcji braci Kazimierza i Tadeusza Osi\u0144skich oraz intencje os\u00f3b, kt\u00f3re wsp\u00f3\u0142tworzy\u0142y muzeum; wreszcie \u2013 by w oparciu o najnowsze badania pokaza\u0107 dzisiejszym przemy\u015blanom eksponaty, na kt\u00f3re przed 110 laty patrzyli ich przodkowie. Ksi\u0105\u017cka mo\u017ce stanowi\u0107 wspania\u0142y\u00a0prezent dla mi\u0142o\u015bnik\u00f3w Przemy\u015bla i lokalnej historii, a tak\u017ce dla os\u00f3b interesuj\u0105cych si\u0119 dziejami muzealnictwa na ziemiach polskich.<\/p>\n","protected":false},"excerpt":{"rendered":"<h2>Durkacz-Foremska Anna, Dziura Ma\u0142gorzata, Figiela Bo\u017cena, Grin-Piszczek Ewa, Koperski Andrzej, Kostecka Katarzyna, Kostek Adam, Krzemi\u0144ska Magdalena, Krzemi\u0144ski Micha\u0142, Marynowski Marcin, Mocarska-Szwic Bo\u017cena, Pud\u0142ocki Tomasz, Stonawska Dorota, Trojanowska Katarzyna, Trojanowska Marta, Walto\u015b Maciej, Winiarska Katarzyna, Wo\u0142k Maria, Zahel Dorota<\/h2>\n<p>Bogato ilustrowane (ponad 400 fotografii) wydawnictwo, podobnie jak wystawa pod tym samym tytu\u0142em s\u0105 elementami obchod\u00f3w jubileuszowych organizowanych przez Muzeum Narodowe Ziemi Przemyskiej \u015bwi\u0119tuj\u0105ce 110 lat swego istnienia&#8230;<\/p>\n","protected":false},"featured_media":155,"comment_status":"open","ping_status":"closed","template":"","meta":[],"product_brand":[],"product_cat":[16],"product_tag":[122,70,124,64,107,123,62,93,108],"class_list":{"0":"post-154","1":"product","2":"type-product","3":"status-publish","4":"has-post-thumbnail","6":"product_cat-ksiazki","7":"product_tag-archeologia","8":"product_tag-etnografia","9":"product_tag-falerystyka","10":"product_tag-historia","11":"product_tag-kolekcje","12":"product_tag-numizmatyka","13":"product_tag-rzemioslo","14":"product_tag-sztuka","15":"product_tag-wystawa-czasowa","17":"first","18":"instock","19":"shipping-taxable","20":"purchasable","21":"product-type-simple"},"_links":{"self":[{"href":"https:\/\/mnzp.pl\/ksiegarnia\/index.php\/wp-json\/wp\/v2\/product\/154","targetHints":{"allow":["GET"]}}],"collection":[{"href":"https:\/\/mnzp.pl\/ksiegarnia\/index.php\/wp-json\/wp\/v2\/product"}],"about":[{"href":"https:\/\/mnzp.pl\/ksiegarnia\/index.php\/wp-json\/wp\/v2\/types\/product"}],"replies":[{"embeddable":true,"href":"https:\/\/mnzp.pl\/ksiegarnia\/index.php\/wp-json\/wp\/v2\/comments?post=154"}],"wp:featuredmedia":[{"embeddable":true,"href":"https:\/\/mnzp.pl\/ksiegarnia\/index.php\/wp-json\/wp\/v2\/media\/155"}],"wp:attachment":[{"href":"https:\/\/mnzp.pl\/ksiegarnia\/index.php\/wp-json\/wp\/v2\/media?parent=154"}],"wp:term":[{"taxonomy":"product_brand","embeddable":true,"href":"https:\/\/mnzp.pl\/ksiegarnia\/index.php\/wp-json\/wp\/v2\/product_brand?post=154"},{"taxonomy":"product_cat","embeddable":true,"href":"https:\/\/mnzp.pl\/ksiegarnia\/index.php\/wp-json\/wp\/v2\/product_cat?post=154"},{"taxonomy":"product_tag","embeddable":true,"href":"https:\/\/mnzp.pl\/ksiegarnia\/index.php\/wp-json\/wp\/v2\/product_tag?post=154"}],"curies":[{"name":"wp","href":"https:\/\/api.w.org\/{rel}","templated":true}]}}