{"id":1518,"date":"2025-09-17T13:25:25","date_gmt":"2025-09-17T11:25:25","guid":{"rendered":"https:\/\/mnzp.pl\/ksiegarnia\/?post_type=product&#038;p=1518"},"modified":"2025-09-24T09:54:56","modified_gmt":"2025-09-24T07:54:56","slug":"z-historii-przemyskiego-lecznictwa-w-25-rocznice-powstania-wojewodzkiego-szpitala-im-sw-ojca-pio","status":"publish","type":"product","link":"https:\/\/mnzp.pl\/ksiegarnia\/index.php\/produkt\/z-historii-przemyskiego-lecznictwa-w-25-rocznice-powstania-wojewodzkiego-szpitala-im-sw-ojca-pio\/","title":{"rendered":"Z historii przemyskiego lecznictwa. W 25 rocznic\u0119 powstania Wojew\u00f3dzkiego Szpitala im. \u015bw. Ojca Pio"},"content":{"rendered":"<p>Przygotowana z okazji 25-lecia Wojew\u00f3dzkiego Szpitala im. \u015bw. Ojca Pio w Przemy\u015blu, ponad 400 stronicowa publikacja omawia histori\u0119 szpitalnictwa i lecznictwa w Przemy\u015blu i na terenie ziemi przemyskiej od XIV wieku do czas\u00f3w obecnych.<\/p>\n<p>Ca\u0142o\u015b\u0107 uporz\u0105dkowana jest chronologicznie, a w obr\u0119bie poszczeg\u00f3lnych rozdzia\u0142\u00f3w r\u00f3wnie\u017c tematycznie, poruszaj\u0105c mi\u0119dzy innymi takie zagadnienia jak: lecznictwo cywilne, wojskowe, organizacj\u0119 s\u0142u\u017cby zdrowia w czasach pokoju i wojen \u015bwiatowych. W bardzo ciekawy spos\u00f3b przedstawiona jest tak\u017ce historia i dzia\u0142alno\u015b\u0107 poszczeg\u00f3lnych przemyskich szpitali oraz przychodni kolejowej. Ca\u0142o\u015b\u0107 ubogacaj\u0105 liczne archiwalne ryciny i fotografie oraz szerokie komentarze i noty biograficzne.<\/p>\n","protected":false},"excerpt":{"rendered":"<h2>Lucjan Fac (red.)<\/h2>\n<p>Przygotowana z okazji 25-lecia Wojew\u00f3dzkiego Szpitala im. \u015bw. Ojca Pio w Przemy\u015blu, ponad 400 stronicowa publikacja omawia histori\u0119 szpitalnictwa i lecznictwa w Przemy\u015blu i na terenie ziemi przemyskiej od XIV wieku do czas\u00f3w obecnych.<\/p>\n","protected":false},"featured_media":1519,"comment_status":"open","ping_status":"closed","template":"","meta":[],"product_brand":[],"product_cat":[16],"product_tag":[64,148,244,245,83],"class_list":{"0":"post-1518","1":"product","2":"type-product","3":"status-publish","4":"has-post-thumbnail","6":"product_cat-ksiazki","7":"product_tag-historia","8":"product_tag-ii-wojna-swiatowa","9":"product_tag-lecznictwo","10":"product_tag-szpitalnictwo","11":"product_tag-wielka-wojna","13":"first","14":"outofstock","15":"shipping-taxable","16":"purchasable","17":"product-type-simple"},"_links":{"self":[{"href":"https:\/\/mnzp.pl\/ksiegarnia\/index.php\/wp-json\/wp\/v2\/product\/1518","targetHints":{"allow":["GET"]}}],"collection":[{"href":"https:\/\/mnzp.pl\/ksiegarnia\/index.php\/wp-json\/wp\/v2\/product"}],"about":[{"href":"https:\/\/mnzp.pl\/ksiegarnia\/index.php\/wp-json\/wp\/v2\/types\/product"}],"replies":[{"embeddable":true,"href":"https:\/\/mnzp.pl\/ksiegarnia\/index.php\/wp-json\/wp\/v2\/comments?post=1518"}],"wp:featuredmedia":[{"embeddable":true,"href":"https:\/\/mnzp.pl\/ksiegarnia\/index.php\/wp-json\/wp\/v2\/media\/1519"}],"wp:attachment":[{"href":"https:\/\/mnzp.pl\/ksiegarnia\/index.php\/wp-json\/wp\/v2\/media?parent=1518"}],"wp:term":[{"taxonomy":"product_brand","embeddable":true,"href":"https:\/\/mnzp.pl\/ksiegarnia\/index.php\/wp-json\/wp\/v2\/product_brand?post=1518"},{"taxonomy":"product_cat","embeddable":true,"href":"https:\/\/mnzp.pl\/ksiegarnia\/index.php\/wp-json\/wp\/v2\/product_cat?post=1518"},{"taxonomy":"product_tag","embeddable":true,"href":"https:\/\/mnzp.pl\/ksiegarnia\/index.php\/wp-json\/wp\/v2\/product_tag?post=1518"}],"curies":[{"name":"wp","href":"https:\/\/api.w.org\/{rel}","templated":true}]}}