{"id":1500,"date":"2025-08-20T13:08:56","date_gmt":"2025-08-20T11:08:56","guid":{"rendered":"https:\/\/mnzp.pl\/ksiegarnia\/?post_type=product&#038;p=1500"},"modified":"2025-08-20T13:10:04","modified_gmt":"2025-08-20T11:10:04","slug":"przewodnik-po-sowieckich-umocnieniach-z-lat-1940-1941-linia-molotowa-w-krasiczynie-i-mielnowie","status":"publish","type":"product","link":"https:\/\/mnzp.pl\/ksiegarnia\/index.php\/produkt\/przewodnik-po-sowieckich-umocnieniach-z-lat-1940-1941-linia-molotowa-w-krasiczynie-i-mielnowie\/","title":{"rendered":"Przewodnik po sowieckich umocnieniach z lat 1940-1941. Linia Mo\u0142otowa w Krasiczynie i Mielnowie"},"content":{"rendered":"<p>Przewodnik prezentuje informacje o schronach bojowych tzw. Linii Mo\u0142otowa zgrupowanych w dw\u00f3ch punktach oporu znajduj\u0105cych si\u0119 w obr\u0119bie miejscowo\u015bci Dybawka, Krasiczyn i \u0141uczyce le\u017c\u0105cych na zach\u00f3d od Przemy\u015bla.<\/p>\n<p>Ka\u017cdy schron obok informacji opisowej, lokalizacji wzgl\u0119dem wsp\u00f3\u0142rz\u0119dnych Map Google i fotografii opatrzono r\u00f3wnie\u017c schematem z rozrysem poszczeg\u00f3lnych pomieszcze\u0144 i ich funkcj\u0105.<\/p>\n<p>Publikacj\u0119 uzupe\u0142nia kr\u00f3tki rys historyczny dzia\u0142a\u0144 wojennych maj\u0105cych miejsce w lecie 1941 roku.<\/p>\n<p>W celu \u0142atwiejszego korzystania w terenie, przewodnik oprawiony jest na metalowej spirali.<\/p>\n","protected":false},"excerpt":{"rendered":"<h2>Karol Kicman, Tomasz Zaj\u0105c<\/h2>\n<p>Przewodnik prezentuje informacje o schronach bojowych tzw. Linii Mo\u0142otowa zgrupowanych w dw\u00f3ch punktach oporu znajduj\u0105cych si\u0119 w obr\u0119bie miejscowo\u015bci Dybawka, Krasiczyn i \u0141uczyce le\u017c\u0105cych na zach\u00f3d od Przemy\u015bla.<\/p>\n","protected":false},"featured_media":1501,"comment_status":"open","ping_status":"closed","template":"","meta":[],"product_brand":[],"product_cat":[16],"product_tag":[148,204,57],"class_list":{"0":"post-1500","1":"product","2":"type-product","3":"status-publish","4":"has-post-thumbnail","6":"product_cat-ksiazki","7":"product_tag-ii-wojna-swiatowa","8":"product_tag-linia-molotowa","9":"product_tag-przewodnik","11":"first","12":"instock","13":"shipping-taxable","14":"purchasable","15":"product-type-simple"},"_links":{"self":[{"href":"https:\/\/mnzp.pl\/ksiegarnia\/index.php\/wp-json\/wp\/v2\/product\/1500","targetHints":{"allow":["GET"]}}],"collection":[{"href":"https:\/\/mnzp.pl\/ksiegarnia\/index.php\/wp-json\/wp\/v2\/product"}],"about":[{"href":"https:\/\/mnzp.pl\/ksiegarnia\/index.php\/wp-json\/wp\/v2\/types\/product"}],"replies":[{"embeddable":true,"href":"https:\/\/mnzp.pl\/ksiegarnia\/index.php\/wp-json\/wp\/v2\/comments?post=1500"}],"wp:featuredmedia":[{"embeddable":true,"href":"https:\/\/mnzp.pl\/ksiegarnia\/index.php\/wp-json\/wp\/v2\/media\/1501"}],"wp:attachment":[{"href":"https:\/\/mnzp.pl\/ksiegarnia\/index.php\/wp-json\/wp\/v2\/media?parent=1500"}],"wp:term":[{"taxonomy":"product_brand","embeddable":true,"href":"https:\/\/mnzp.pl\/ksiegarnia\/index.php\/wp-json\/wp\/v2\/product_brand?post=1500"},{"taxonomy":"product_cat","embeddable":true,"href":"https:\/\/mnzp.pl\/ksiegarnia\/index.php\/wp-json\/wp\/v2\/product_cat?post=1500"},{"taxonomy":"product_tag","embeddable":true,"href":"https:\/\/mnzp.pl\/ksiegarnia\/index.php\/wp-json\/wp\/v2\/product_tag?post=1500"}],"curies":[{"name":"wp","href":"https:\/\/api.w.org\/{rel}","templated":true}]}}