{"id":142,"date":"2021-10-28T08:54:38","date_gmt":"2021-10-28T06:54:38","guid":{"rendered":"https:\/\/serwer1670446.home.pl\/mnzp\/ksiegarnia\/?post_type=product&#038;p=142"},"modified":"2022-12-08T13:36:06","modified_gmt":"2022-12-08T12:36:06","slug":"placowki-nasze-czynne-lotnicze-wsparcie-oddzialow-zwz-ak","status":"publish","type":"product","link":"https:\/\/mnzp.pl\/ksiegarnia\/index.php\/produkt\/placowki-nasze-czynne-lotnicze-wsparcie-oddzialow-zwz-ak\/","title":{"rendered":"\u201ePlac\u00f3wki nasze czynne&#8230;\u201d &#8211; Lotnicze wsparcie oddzia\u0142\u00f3w ZWZ-AK&#8230;"},"content":{"rendered":"<p><strong>Krzysztof Mroczkowski, \u201e Plac\u00f3wki nasze czynne&#8230;\u201d &#8211; Lotnicze wsparcie oddzia\u0142\u00f3w ZWZ-AK oraz funkcjonowanie teren\u00f3w odbioru zrzut\u00f3w Podokr\u0119gu AK Rzesz\u00f3w i Okr\u0119gu AK Lw\u00f3w okresie II wojny \u015bwiatowej, Przemy\u015bl 2019.<\/strong><\/p>\n<p>To jedna z najnowszych publikacji wydanych w ramach serii Biblioteczka MNZP. Tym razem dotyczy pomocy oddzia\u0142om ZWZ i Armii Krajowej Podokr\u0119gu AK Rzesz\u00f3w i Okr\u0119gu AK Lw\u00f3w. Tematyka ta przez Krzysztofa Mroczkowskiego podejmowana by\u0142a wielokrotnie, chocia\u017cby we wsp\u00f3\u0142pracy z prof. Andrzejem Olejko \u201eMosty, kt\u00f3re rozwiesi\u0142a noc\u201d (2011) czy te\u017c \u201eSzachownice nad okupowan\u0105 Europ\u0105\u201d(2011). Wcze\u015bniej jednak bo w 2009 r. na \u0142amach zeszytu\u00a0<em>Historia Wojskowo\u015bci<\/em>\u00a0\u201eRocznika Przemyskiego\u201d Krzysztof Mroczkowski zamie\u015bci\u0142 obszerny artyku\u0142 pt.\u00a0<em>Lotnicze wsparcie i funkcjonowanie teren\u00f3w odbioru Zrzut\u00f3w AK w obszarze Dystryktu Galicyjskiego 1942-1944<\/em>. No c\u00f3\u017c by\u0142o to ju\u017c jedena\u015bcie lat temu, a tematyka nadal cieszy si\u0119 du\u017cym zainteresowaniem. We wst\u0119pie do ksi\u0105\u017cki Krzysztof Mroczkowski pisze:<\/p>\n<p>\u201eDo pocz\u0105tku 1944 r. trasy przelot\u00f3w ze zrzutami dla AK wiod\u0142y z Wielkiej Brytanii nad Dani\u0105 i Szwecj\u0105, za\u015b od 1944 r. daleko dystansowe, czterosilnikowe maszyny typu B-24 \u201eLiberator\u201d i Handley Page \u201eHalifax\u201d dociera\u0142y nad Polsk\u0119 trasami z w\u0142oskiej bazy w Brindisi ko\u0142o Campo Cassale przelatuj\u0105c nad Jugos\u0142awi\u0105, W\u0119grami i S\u0142owacj\u0105 nad g\u00f3rami Dynarskimi i nad Karpatami. Loty nad Polsk\u0119 wykonywa\u0142y pocz\u0105tkowo za\u0142ogi angielskiego 148 Dywizjonu Specjalnego Przeznaczenia RAF (148 Special Duty Squadron) i polskiej 1586 Eskadry Specjalnego Przeznaczenia (1586 (P) Special Duty Flight). Do tego grona doszed\u0142 tak\u017ce 178 Dywizjon Specjalnego Przeznaczenia RAF i okoliczno\u015bciowo dywizjony lotnictwa Po\u0142udniowej Afryki (SAAF). Cz\u0119stotliwo\u015b\u0107 lot\u00f3w do Polski by\u0142a r\u00f3\u017cna, a dow\u00f3dztwo AK w zrzutach upatrywa\u0142o g\u0142\u00f3wn\u0105 drog\u0119 uzbrojenia podziemia. O ile lotnictwo jako symbol nowoczesno\u015bci \u2013 paradoksalnie, pozostawi\u0142o po sobie wiele trwa\u0142ych zabytk\u00f3w tak maszyn jak i miejsc operowania tych\u017ce, o tyle dzia\u0142ania spadochronowe postrzegane s\u0105 jako ulotny fakt dziejowy. I o ile w wypadku wielkich operacji desantowych, takich jak\u00a0<em>\u201eMerkury\u201d<\/em>,\u00a0<em>\u201eMarket-Garden\u201d<\/em>, czy\u00a0<em>\u201eVarsity\u201d<\/em>\u00a0pola zrzut\u00f3w kojarzone s\u0105 bezpo\u015brednio z dzia\u0142aniami wojennymi konkretnych jednostek, dow\u00f3dc\u00f3w, o tyle pola zrzut\u00f3w lotniczych z pomoc\u0105 dla okupowanego kraju i konspiracyjne l\u0105dowiska z racji swego przeznaczenia i roli nie odcisn\u0119\u0142y si\u0119 tak mocno w krajobrazie i ludzkiej \u015bwiadomo\u015bci\u201d.<\/p>\n<p>Nazwy zrzutowisk, miejsc czuwania \u017co\u0142nierzy polskiego podziemia na kt\u00f3rych z ut\u0119sknieniem wyczekiwano odg\u0142osu silnik\u00f3w samolotu z zaopatrzeniem. \u017bo\u0142nierze podziemia ponosili ogromne ryzyko przygotowuj\u0105c akcje odbioru zrzut\u00f3w. Szczeg\u00f3lnie by\u0142o ono du\u017ce na terenach omawianych przez Mroczkowskiego. Pow\u00f3d jest oczywisty. Rejony, na przyk\u0142ad Lwowa, Drohobycza, Stryja, Gr\u00f3dka Jagiello\u0144skiego zamieszkiwane by\u0142y bardzo cz\u0119sto przez wrogo nastawion\u0105 ludno\u015b\u0107 ukrai\u0144sk\u0105. Z drugiej strony, \u2026 czy oczekuj\u0105c na ziemi w nerwowym napi\u0119ciu AK-owcy zdawali sobie spraw\u0119 jakie trudno\u015bci i niebezpiecze\u0144stwa musia\u0142y pokona\u0107 za\u0142ogi\u00a0<em>Halifax\u00f3w\u00a0<\/em>czy\u00a0<em>Liberator\u00f3w<\/em>? Droga z Campo Cassale spod Brindisi a\u017c tutaj na Podkarpacie do \u0142atwych nie nale\u017ca\u0142a. Pakiet zagro\u017ce\u0144 i niebezpiecze\u0144stw niesamowicie szeroki. A jakie to by\u0142y niebezpiecze\u0144stwa? Zar\u00f3wno te na ziemi jak i na dole? Co oznaczaj\u0105 takie nazwy jak \u201ePardwa I\u201d, \u201ePaszkot I\u201d, \u201ePerkoz\u201d, \u201eGil\u201d, \u201eBagnet\u201d, \u201eBrowning\u201d, \u201eColt\u201d, \u201eDzida\u201d, \u201eKab\u0142\u0105k2\u201d\u2026 itd.<\/p>\n<p>No w\u0142a\u015bnie o tym traktuje ta ksi\u0105\u017cka.<\/p>\n<p>Dla nas, dla Muzeum Narodowego Ziemi Przemyskiej satysfakcj\u0105 by\u0142o by gdyby mieszka\u0144cy tak wielu przecie\u017c miejscowo\u015bci naszego regionu odkryli je na nowo i przyj\u0119li je do swojej pami\u0119ci. Te nazwy s\u0105 bowiem symbolem nadziei i po\u015bwi\u0119cenia, tych co na ziemi i tych co w powietrzu- \u017co\u0142nierzy polskiego podziemia, lotnik\u00f3w RAF-u i Polskich Si\u0142 Powietrznych.<\/p>\n<p class=\"text-align-right\" style=\"text-align: right;\"><em>Lucjan Fac<\/em><\/p>\n","protected":false},"excerpt":{"rendered":"<h2>Mroczkowski Krzysztof<\/h2>\n<p>To jedna z najnowszych publikacji wydanych w ramach serii Biblioteczka MNZP. Tym razem dotyczy pomocy oddzia\u0142om ZWZ i Armii Krajowej Podokr\u0119gu AK Rzesz\u00f3w i Okr\u0119gu AK Lw\u00f3w&#8230;<\/p>\n","protected":false},"featured_media":143,"comment_status":"open","ping_status":"closed","template":"","meta":[],"product_brand":[],"product_cat":[16],"product_tag":[150,142,64,148,151],"class_list":{"0":"post-142","1":"product","2":"type-product","3":"status-publish","4":"has-post-thumbnail","6":"product_cat-ksiazki","7":"product_tag-armia-krajowa","8":"product_tag-biblioteczka-historyczna-mnzp","9":"product_tag-historia","10":"product_tag-ii-wojna-swiatowa","11":"product_tag-lotnictwo","13":"first","14":"instock","15":"shipping-taxable","16":"purchasable","17":"product-type-simple"},"_links":{"self":[{"href":"https:\/\/mnzp.pl\/ksiegarnia\/index.php\/wp-json\/wp\/v2\/product\/142","targetHints":{"allow":["GET"]}}],"collection":[{"href":"https:\/\/mnzp.pl\/ksiegarnia\/index.php\/wp-json\/wp\/v2\/product"}],"about":[{"href":"https:\/\/mnzp.pl\/ksiegarnia\/index.php\/wp-json\/wp\/v2\/types\/product"}],"replies":[{"embeddable":true,"href":"https:\/\/mnzp.pl\/ksiegarnia\/index.php\/wp-json\/wp\/v2\/comments?post=142"}],"wp:featuredmedia":[{"embeddable":true,"href":"https:\/\/mnzp.pl\/ksiegarnia\/index.php\/wp-json\/wp\/v2\/media\/143"}],"wp:attachment":[{"href":"https:\/\/mnzp.pl\/ksiegarnia\/index.php\/wp-json\/wp\/v2\/media?parent=142"}],"wp:term":[{"taxonomy":"product_brand","embeddable":true,"href":"https:\/\/mnzp.pl\/ksiegarnia\/index.php\/wp-json\/wp\/v2\/product_brand?post=142"},{"taxonomy":"product_cat","embeddable":true,"href":"https:\/\/mnzp.pl\/ksiegarnia\/index.php\/wp-json\/wp\/v2\/product_cat?post=142"},{"taxonomy":"product_tag","embeddable":true,"href":"https:\/\/mnzp.pl\/ksiegarnia\/index.php\/wp-json\/wp\/v2\/product_tag?post=142"}],"curies":[{"name":"wp","href":"https:\/\/api.w.org\/{rel}","templated":true}]}}