{"id":140,"date":"2021-10-28T08:48:54","date_gmt":"2021-10-28T06:48:54","guid":{"rendered":"https:\/\/serwer1670446.home.pl\/mnzp\/ksiegarnia\/?post_type=product&#038;p=140"},"modified":"2022-12-08T12:42:42","modified_gmt":"2022-12-08T11:42:42","slug":"materialy-i-studia-muzealne-t-ix","status":"publish","type":"product","link":"https:\/\/mnzp.pl\/ksiegarnia\/index.php\/produkt\/materialy-i-studia-muzealne-t-ix\/","title":{"rendered":"Materia\u0142y i Studia Muzealne t. IX"},"content":{"rendered":"<p>Periodyk naukowy zawiera artyku\u0142y dotycz\u0105ce m. inn. rze\u017aby \u201eSiedem grzech\u00f3w g\u0142\u00f3wnych\u201d , nieznanego obrazu Juliusa Schmida w kolekcji malarstwa MNZP oraz wyrob\u00f3w ze szk\u0142a w zbiorach naszego Muzeum. Kultur\u0119 ludow\u0105 natomiast reprezentuje artyku\u0142 z dziedziny demonologii ludowej po\u0142udniowo-wschodniej Polski. Je\u017celi chodzi o teksty historyczne, na uwag\u0119 zas\u0142uguj\u0105 wojenne losy zes\u0142anej do Kazachstanu Teresy Bystrzyckiej oraz wspomnienia dotycz\u0105ce przemyskiego getta. Kolejny artyku\u0142 po\u015bwi\u0119cony jest metropolicie krakowskiemu kardyna\u0142owi Adamowi Sapie\u017ce i kwestii wielkiego autorytetu moralnego, jakim by\u0142 w trudnym okresie II wojny.<\/p>\n","protected":false},"excerpt":{"rendered":"<p>Periodyk naukowy zawiera artyku\u0142y dotycz\u0105ce m. in. rze\u017aby \u201eSiedem grzech\u00f3w g\u0142\u00f3wnych\u201d, nieznanego obrazu Juliusa Schmida w kolekcji malarstwa MNZP oraz wyrob\u00f3w ze szk\u0142a w zbiorach naszego Muzeum&#8230;<\/p>\n","protected":false},"featured_media":141,"comment_status":"open","ping_status":"closed","template":"","meta":[],"product_brand":[],"product_cat":[16],"product_tag":[122,64,149,62,93],"class_list":{"0":"post-140","1":"product","2":"type-product","3":"status-publish","4":"has-post-thumbnail","6":"product_cat-ksiazki","7":"product_tag-archeologia","8":"product_tag-historia","9":"product_tag-materialy-i-studia-muzealne","10":"product_tag-rzemioslo","11":"product_tag-sztuka","13":"first","14":"instock","15":"shipping-taxable","16":"purchasable","17":"product-type-simple"},"_links":{"self":[{"href":"https:\/\/mnzp.pl\/ksiegarnia\/index.php\/wp-json\/wp\/v2\/product\/140","targetHints":{"allow":["GET"]}}],"collection":[{"href":"https:\/\/mnzp.pl\/ksiegarnia\/index.php\/wp-json\/wp\/v2\/product"}],"about":[{"href":"https:\/\/mnzp.pl\/ksiegarnia\/index.php\/wp-json\/wp\/v2\/types\/product"}],"replies":[{"embeddable":true,"href":"https:\/\/mnzp.pl\/ksiegarnia\/index.php\/wp-json\/wp\/v2\/comments?post=140"}],"wp:featuredmedia":[{"embeddable":true,"href":"https:\/\/mnzp.pl\/ksiegarnia\/index.php\/wp-json\/wp\/v2\/media\/141"}],"wp:attachment":[{"href":"https:\/\/mnzp.pl\/ksiegarnia\/index.php\/wp-json\/wp\/v2\/media?parent=140"}],"wp:term":[{"taxonomy":"product_brand","embeddable":true,"href":"https:\/\/mnzp.pl\/ksiegarnia\/index.php\/wp-json\/wp\/v2\/product_brand?post=140"},{"taxonomy":"product_cat","embeddable":true,"href":"https:\/\/mnzp.pl\/ksiegarnia\/index.php\/wp-json\/wp\/v2\/product_cat?post=140"},{"taxonomy":"product_tag","embeddable":true,"href":"https:\/\/mnzp.pl\/ksiegarnia\/index.php\/wp-json\/wp\/v2\/product_tag?post=140"}],"curies":[{"name":"wp","href":"https:\/\/api.w.org\/{rel}","templated":true}]}}