{"id":1366,"date":"2025-02-13T13:39:10","date_gmt":"2025-02-13T12:39:10","guid":{"rendered":"https:\/\/mnzp.pl\/ksiegarnia\/?post_type=product&#038;p=1366"},"modified":"2025-02-13T14:39:22","modified_gmt":"2025-02-13T13:39:22","slug":"1366","status":"publish","type":"product","link":"https:\/\/mnzp.pl\/ksiegarnia\/index.php\/produkt\/1366\/","title":{"rendered":"Walki o Lw\u00f3w 1918-1919. Dzienniki bojowe Grup Operacyjnych gen. Le\u015bniewskiego i gen. J\u0119drzejewskiego"},"content":{"rendered":"<p>Publikacja jest opracowaniem tekst\u00f3w \u017ar\u00f3d\u0142owych dziennik\u00f3w bojowych dw\u00f3ch Grup Operacyjnych: genera\u0142a Le\u015bniewskiego i genera\u0142a J\u0119drzejewskiego z lat 1918 &#8211; 1919. Dzienniki te by\u0142y dotychczas nieznane i nie by\u0142y wykorzystywane w dotychczasowych opracowaniach naukowych.\u00a0Dzienniki bojowe Grupy Operacyjnej gen. Le\u015bniewskiego i Grupy Operacyjnej gen. J\u0119drzejewskiego do 1939 r. znajdowa\u0142y si\u0119 w zbiorach Towarzystwa Obrony Lwowa i Wojew\u00f3dztw Po\u0142udniowo-Wschodnich, po 19145 r. wesz\u0142y do zasobu Pa\u0144stwowego Archiwum Obwodu Lwowskiego.<\/p>\n<p>Oryginalne teksty \u017ar\u00f3d\u0142owe zosta\u0142y uporz\u0105dkowane, uwsp\u00f3\u0142cze\u015bniono j\u0119zyk, a przedstawione zapisy skonfrontowano z zachowanymi innymi dokumentami odnosz\u0105cymi si\u0119 do tych samych zdarze\u0144.<\/p>\n<p>Wydawnictwo opatrzono dodatkowo schematami Ordre de Bataille oraz szkicami sytuacyjnymi dotycz\u0105cymi opisywanych wydarze\u0144 (schematy i plany do\u0142\u0105czone s\u0105 oddzielnie w tubie sprzedawanej w komplecie razem z ksi\u0105\u017ck\u0105).<\/p>\n","protected":false},"excerpt":{"rendered":"<h2>oprac. Andrzej Chmielarz, Zbigniew Moszuma\u0144ski, Witold Rawski<\/h2>\n<p>Publikacja jest opracowaniem tekst\u00f3w \u017ar\u00f3d\u0142owych dziennik\u00f3w bojowych dw\u00f3ch Grup Operacyjnych: genera\u0142a Le\u015bniewskiego i genera\u0142a J\u0119drzejewskiego z lat 1918 &#8211; 1919&#8230;<\/p>\n","protected":false},"featured_media":1367,"comment_status":"open","ping_status":"closed","template":"","meta":[],"product_brand":[],"product_cat":[16],"product_tag":[235,143,236,234],"class_list":{"0":"post-1366","1":"product","2":"type-product","3":"status-publish","4":"has-post-thumbnail","6":"product_cat-ksiazki","7":"product_tag-235","8":"product_tag-lwow","9":"product_tag-wojna","10":"product_tag-wojna-polsko-ukrainska","12":"first","13":"instock","14":"shipping-taxable","15":"purchasable","16":"product-type-simple"},"_links":{"self":[{"href":"https:\/\/mnzp.pl\/ksiegarnia\/index.php\/wp-json\/wp\/v2\/product\/1366","targetHints":{"allow":["GET"]}}],"collection":[{"href":"https:\/\/mnzp.pl\/ksiegarnia\/index.php\/wp-json\/wp\/v2\/product"}],"about":[{"href":"https:\/\/mnzp.pl\/ksiegarnia\/index.php\/wp-json\/wp\/v2\/types\/product"}],"replies":[{"embeddable":true,"href":"https:\/\/mnzp.pl\/ksiegarnia\/index.php\/wp-json\/wp\/v2\/comments?post=1366"}],"wp:featuredmedia":[{"embeddable":true,"href":"https:\/\/mnzp.pl\/ksiegarnia\/index.php\/wp-json\/wp\/v2\/media\/1367"}],"wp:attachment":[{"href":"https:\/\/mnzp.pl\/ksiegarnia\/index.php\/wp-json\/wp\/v2\/media?parent=1366"}],"wp:term":[{"taxonomy":"product_brand","embeddable":true,"href":"https:\/\/mnzp.pl\/ksiegarnia\/index.php\/wp-json\/wp\/v2\/product_brand?post=1366"},{"taxonomy":"product_cat","embeddable":true,"href":"https:\/\/mnzp.pl\/ksiegarnia\/index.php\/wp-json\/wp\/v2\/product_cat?post=1366"},{"taxonomy":"product_tag","embeddable":true,"href":"https:\/\/mnzp.pl\/ksiegarnia\/index.php\/wp-json\/wp\/v2\/product_tag?post=1366"}],"curies":[{"name":"wp","href":"https:\/\/api.w.org\/{rel}","templated":true}]}}