{"id":1364,"date":"2025-02-13T11:00:14","date_gmt":"2025-02-13T10:00:14","guid":{"rendered":"https:\/\/mnzp.pl\/ksiegarnia\/?post_type=product&#038;p=1364"},"modified":"2025-02-13T11:02:27","modified_gmt":"2025-02-13T10:02:27","slug":"towarzystwo-przyjaciol-nauk-i-jego-biblioteka-w-latach-1909-2023","status":"publish","type":"product","link":"https:\/\/mnzp.pl\/ksiegarnia\/index.php\/produkt\/towarzystwo-przyjaciol-nauk-i-jego-biblioteka-w-latach-1909-2023\/","title":{"rendered":"Towarzystwo Przyjaci\u00f3\u0142 Nauk i jego biblioteka w latach 1909-2023"},"content":{"rendered":"<p>Praca monograficzna w bardzo dok\u0142adny spos\u00f3b omawia ponad stuletni\u0105 histori\u0119 Biblioteki TPN oraz Towarzystwa Przyjaci\u00f3\u0142 Nauk w Przemy\u015blu, kt\u00f3rego jest cz\u0119\u015bci\u0105 od momentu swego powstania. Pr\u00f3buje zobrazowa\u0107 dynamik\u0119 gromadzenia i udost\u0119pniania zbior\u00f3w bibliotecznych, warunk\u00f3w ich przechowywania w r\u00f3\u017cnych okresach, a tak\u017ce zbada\u0107 ich relacje z instytucj\u0105 macierzyst\u0105. Omawia r\u00f3wnie\u017c rol\u0119 Biblioteki TPN w \u017cyciu kulturalnym miasta a tak\u017ce jej miejsce w lokalnym \u015brodowisku naukowym.<\/p>\n<p>Ca\u0142o\u015b\u0107 uporz\u0105dkowano chronologicznie, a kolejne rozdzia\u0142y omawiaj\u0105:<\/p>\n<ul>\n<li>Powstanie TPN i jego agendy bibliotecznej &#8211; pierwsze lata dzia\u0142alno\u015bci (1909-1918)<\/li>\n<li>TPN i jego bibliotek\u0119 w okresie mi\u0119dzywojennym<\/li>\n<li>Losy TPN i jego ksi\u0119gozbioru w latach II wojny \u015bwiatowej<\/li>\n<li>Lata powojenne &#8211; okres odbudowy i likwidacji TPN (1945-1956)<\/li>\n<li>Dzia\u0142alno\u015b\u0107 TPN i jego biblioteki w kolejnych dekadach Polski Ludowej (1957-1989)<\/li>\n<li>TPN i jego bibliotek\u0119 po 1989 r. &#8211; przegl\u0105d dorobku i wsp\u00f3\u0142czesne wyzwania (1989-2023)<\/li>\n<\/ul>\n<p>Uzupe\u0142nieniem publikacji jest obszerna bibliografia oraz indeks miejscowo\u015bci i osobowy.<\/p>\n","protected":false},"excerpt":{"rendered":"<h2>Maciej Walto\u015b<\/h2>\n<p>Praca monograficzna w bardzo dok\u0142adny spos\u00f3b omawia ponad stuletni\u0105 histori\u0119 Biblioteki TPN oraz Towarzystwa Przyjaci\u00f3\u0142 Nauk w Przemy\u015blu&#8230;<\/p>\n","protected":false},"featured_media":1365,"comment_status":"open","ping_status":"closed","template":"","meta":[],"product_brand":[],"product_cat":[16],"product_tag":[],"class_list":{"0":"post-1364","1":"product","2":"type-product","3":"status-publish","4":"has-post-thumbnail","6":"product_cat-ksiazki","8":"first","9":"instock","10":"shipping-taxable","11":"purchasable","12":"product-type-simple"},"_links":{"self":[{"href":"https:\/\/mnzp.pl\/ksiegarnia\/index.php\/wp-json\/wp\/v2\/product\/1364","targetHints":{"allow":["GET"]}}],"collection":[{"href":"https:\/\/mnzp.pl\/ksiegarnia\/index.php\/wp-json\/wp\/v2\/product"}],"about":[{"href":"https:\/\/mnzp.pl\/ksiegarnia\/index.php\/wp-json\/wp\/v2\/types\/product"}],"replies":[{"embeddable":true,"href":"https:\/\/mnzp.pl\/ksiegarnia\/index.php\/wp-json\/wp\/v2\/comments?post=1364"}],"wp:featuredmedia":[{"embeddable":true,"href":"https:\/\/mnzp.pl\/ksiegarnia\/index.php\/wp-json\/wp\/v2\/media\/1365"}],"wp:attachment":[{"href":"https:\/\/mnzp.pl\/ksiegarnia\/index.php\/wp-json\/wp\/v2\/media?parent=1364"}],"wp:term":[{"taxonomy":"product_brand","embeddable":true,"href":"https:\/\/mnzp.pl\/ksiegarnia\/index.php\/wp-json\/wp\/v2\/product_brand?post=1364"},{"taxonomy":"product_cat","embeddable":true,"href":"https:\/\/mnzp.pl\/ksiegarnia\/index.php\/wp-json\/wp\/v2\/product_cat?post=1364"},{"taxonomy":"product_tag","embeddable":true,"href":"https:\/\/mnzp.pl\/ksiegarnia\/index.php\/wp-json\/wp\/v2\/product_tag?post=1364"}],"curies":[{"name":"wp","href":"https:\/\/api.w.org\/{rel}","templated":true}]}}