{"id":1361,"date":"2025-02-13T09:14:44","date_gmt":"2025-02-13T08:14:44","guid":{"rendered":"https:\/\/mnzp.pl\/ksiegarnia\/?post_type=product&#038;p=1361"},"modified":"2025-02-13T09:26:49","modified_gmt":"2025-02-13T08:26:49","slug":"materialy-i-studia-muzealne-t-xiii","status":"publish","type":"product","link":"https:\/\/mnzp.pl\/ksiegarnia\/index.php\/produkt\/materialy-i-studia-muzealne-t-xiii\/","title":{"rendered":"Materia\u0142y i Studia Muzealne t. XIII"},"content":{"rendered":"<p>Rocznik naukowy wydawany przez Muzeum Narodowe Ziemi Przemyskiej. W obecnym tomie znajdziemy nast\u0119puj\u0105ce artyku\u0142y:<\/p>\n<ul>\n<li>Katarzyna Hlodia: \u201e\u015aladami Emanuela Ma\u0142y\u0144skiego, czyli o Muzeum w Bere\u017anem na Wo\u0142yniu\u201d,<\/li>\n<li>Anna Durkacz-Foremska: \u201eS\u0142\u00f3w kilka o Bractwie \u015awi\u0119tego Ojca Miko\u0142aja przy greckokatolickiej katedrze w Przemy\u015blu\u201d,<\/li>\n<li>Jerzy S. Wojciechowski: \u201eGenera\u0142 Iwaszkiewicz na odsiecz Lwowa\u201d,<\/li>\n<li>Katarzyna Kostecka: \u201eLaufer\u00f3wka. Czekoladowy biznes Abrahama Laufera w Przemy\u015blu\u201d,<\/li>\n<li>Tomasz Pomykacz, G\u00e1bor Kiss, S\u0142awomir Ku\u0142acz: \u201eArchiwum podpu\u0142kownika Eleka Moln\u00e1ra (Teki Moln\u00e1ra) w zbiorach Muzeum Narodowego Ziemi Przemyskiej: wybrane dokumenty (teka 4, cz. 2)\u201d,<\/li>\n<li>Iwona Bobko: \u201eKalendarium dzia\u0142alno\u015bci kulturalnej Muzeum w latach 2011\u20132015\u201d.<\/li>\n<\/ul>\n","protected":false},"excerpt":{"rendered":"<p>Rocznik naukowy wydawany przez Muzeum Narodowe Ziemi Przemyskiej. W obecnym tomie znajdziemy nast\u0119puj\u0105ce artyku\u0142y&#8230;<\/p>\n","protected":false},"featured_media":1362,"comment_status":"open","ping_status":"closed","template":"","meta":[],"product_brand":[],"product_cat":[16],"product_tag":[226,133,127,64,229,228,149,58,227],"class_list":{"0":"post-1361","1":"product","2":"type-product","3":"status-publish","4":"has-post-thumbnail","6":"product_cat-ksiazki","7":"product_tag-berezne","8":"product_tag-biografie","9":"product_tag-czasopisma","10":"product_tag-historia","11":"product_tag-laufer","12":"product_tag-malynski","13":"product_tag-materialy-i-studia-muzealne","14":"product_tag-przemysl","15":"product_tag-wolyn","17":"first","18":"instock","19":"shipping-taxable","20":"purchasable","21":"product-type-simple"},"_links":{"self":[{"href":"https:\/\/mnzp.pl\/ksiegarnia\/index.php\/wp-json\/wp\/v2\/product\/1361","targetHints":{"allow":["GET"]}}],"collection":[{"href":"https:\/\/mnzp.pl\/ksiegarnia\/index.php\/wp-json\/wp\/v2\/product"}],"about":[{"href":"https:\/\/mnzp.pl\/ksiegarnia\/index.php\/wp-json\/wp\/v2\/types\/product"}],"replies":[{"embeddable":true,"href":"https:\/\/mnzp.pl\/ksiegarnia\/index.php\/wp-json\/wp\/v2\/comments?post=1361"}],"wp:featuredmedia":[{"embeddable":true,"href":"https:\/\/mnzp.pl\/ksiegarnia\/index.php\/wp-json\/wp\/v2\/media\/1362"}],"wp:attachment":[{"href":"https:\/\/mnzp.pl\/ksiegarnia\/index.php\/wp-json\/wp\/v2\/media?parent=1361"}],"wp:term":[{"taxonomy":"product_brand","embeddable":true,"href":"https:\/\/mnzp.pl\/ksiegarnia\/index.php\/wp-json\/wp\/v2\/product_brand?post=1361"},{"taxonomy":"product_cat","embeddable":true,"href":"https:\/\/mnzp.pl\/ksiegarnia\/index.php\/wp-json\/wp\/v2\/product_cat?post=1361"},{"taxonomy":"product_tag","embeddable":true,"href":"https:\/\/mnzp.pl\/ksiegarnia\/index.php\/wp-json\/wp\/v2\/product_tag?post=1361"}],"curies":[{"name":"wp","href":"https:\/\/api.w.org\/{rel}","templated":true}]}}