{"id":134,"date":"2021-10-28T08:27:54","date_gmt":"2021-10-28T06:27:54","guid":{"rendered":"https:\/\/serwer1670446.home.pl\/mnzp\/ksiegarnia\/?post_type=product&#038;p=134"},"modified":"2022-12-08T11:41:51","modified_gmt":"2022-12-08T10:41:51","slug":"artyleria-lwowska-1918-1919","status":"publish","type":"product","link":"https:\/\/mnzp.pl\/ksiegarnia\/index.php\/produkt\/artyleria-lwowska-1918-1919\/","title":{"rendered":"Artyleria Lwowska 1918-1919"},"content":{"rendered":"<p>Opracowanie porusza bardzo ciekawy aczkolwiek nie do ko\u0144ca zbadany temat wykorzystania artylerii w dzia\u0142aniach wojennych w roku 1918-1919.<\/p>\n<p>Ksi\u0105\u017cka sk\u0142ada si\u0119 z dwunastu rozdzia\u0142\u00f3w, w kt\u00f3rych to autor w spos\u00f3b sp\u00f3jny omawia poszczeg\u00f3lne etapy rozwoju jednostek artylerii podczas wojny polsko-ukrai\u0144skiej.<\/p>\n","protected":false},"excerpt":{"rendered":"<h2>Moszuma\u0144ski Zbigniew<\/h2>\n<p>Opracowanie porusza bardzo ciekawy aczkolwiek nie do ko\u0144ca zbadany temat wykorzystania artylerii w dzia\u0142aniach wojennych w roku 1918-1919&#8230;<\/p>\n","protected":false},"featured_media":135,"comment_status":"open","ping_status":"closed","template":"","meta":[],"product_brand":[],"product_cat":[16],"product_tag":[142,64,143],"class_list":{"0":"post-134","1":"product","2":"type-product","3":"status-publish","4":"has-post-thumbnail","6":"product_cat-ksiazki","7":"product_tag-biblioteczka-historyczna-mnzp","8":"product_tag-historia","9":"product_tag-lwow","11":"first","12":"instock","13":"shipping-taxable","14":"purchasable","15":"product-type-simple"},"_links":{"self":[{"href":"https:\/\/mnzp.pl\/ksiegarnia\/index.php\/wp-json\/wp\/v2\/product\/134","targetHints":{"allow":["GET"]}}],"collection":[{"href":"https:\/\/mnzp.pl\/ksiegarnia\/index.php\/wp-json\/wp\/v2\/product"}],"about":[{"href":"https:\/\/mnzp.pl\/ksiegarnia\/index.php\/wp-json\/wp\/v2\/types\/product"}],"replies":[{"embeddable":true,"href":"https:\/\/mnzp.pl\/ksiegarnia\/index.php\/wp-json\/wp\/v2\/comments?post=134"}],"wp:featuredmedia":[{"embeddable":true,"href":"https:\/\/mnzp.pl\/ksiegarnia\/index.php\/wp-json\/wp\/v2\/media\/135"}],"wp:attachment":[{"href":"https:\/\/mnzp.pl\/ksiegarnia\/index.php\/wp-json\/wp\/v2\/media?parent=134"}],"wp:term":[{"taxonomy":"product_brand","embeddable":true,"href":"https:\/\/mnzp.pl\/ksiegarnia\/index.php\/wp-json\/wp\/v2\/product_brand?post=134"},{"taxonomy":"product_cat","embeddable":true,"href":"https:\/\/mnzp.pl\/ksiegarnia\/index.php\/wp-json\/wp\/v2\/product_cat?post=134"},{"taxonomy":"product_tag","embeddable":true,"href":"https:\/\/mnzp.pl\/ksiegarnia\/index.php\/wp-json\/wp\/v2\/product_tag?post=134"}],"curies":[{"name":"wp","href":"https:\/\/api.w.org\/{rel}","templated":true}]}}