{"id":132,"date":"2021-10-28T08:24:01","date_gmt":"2021-10-28T06:24:01","guid":{"rendered":"https:\/\/serwer1670446.home.pl\/mnzp\/ksiegarnia\/?post_type=product&#038;p=132"},"modified":"2022-12-08T11:08:00","modified_gmt":"2022-12-08T10:08:00","slug":"4-pory-roku","status":"publish","type":"product","link":"https:\/\/mnzp.pl\/ksiegarnia\/index.php\/produkt\/4-pory-roku\/","title":{"rendered":"4 pory roku"},"content":{"rendered":"<p>Ksi\u0105\u017cka b\u0119d\u0105ca opowie\u015bci\u0105 o dawnej wsi, odkrywa tradycyjn\u0105 kultur\u0119 ludow\u0105, znaczenie zwyczaj\u00f3w i obyczaj\u00f3w. Pokazuje tak\u017ce trud ch\u0142opa-rolnika oraz blisko\u015b\u0107 cz\u0142owieka z Bogiem i natur\u0105. Tak jak do ka\u017cdej pory roku przypisane by\u0142y okre\u015blone prace, tak te\u017c i \u015bwi\u0119ta. Autorka opisuje \u015bwi\u0119towanie, mi\u0119dzy innymi Bo\u017cego Narodzenia, Wielkanocy, uroczysto\u015bci Wszystkich \u015awi\u0119tych, ale tak\u017ce: do\u017cynek, andrzejek, czy nocy \u015bwi\u0119toja\u0144skiej. Zainteresowani codziennym \u017cyciem na wsi znajd\u0105 w publikacji informacje o tym, jak kiszono kapust\u0119, kopano ziemniaki, m\u0142\u00f3cono zbo\u017ce, itp.<\/p>\n","protected":false},"excerpt":{"rendered":"<h2>Dziura Ma\u0142gorzata<\/h2>\n<p>Ksi\u0105\u017cka b\u0119d\u0105ca opowie\u015bci\u0105 o dawnej wsi, odkrywa tradycyjn\u0105 kultur\u0119 ludow\u0105, znaczenie zwyczaj\u00f3w i obyczaj\u00f3w&#8230;<\/p>\n","protected":false},"featured_media":133,"comment_status":"open","ping_status":"closed","template":"","meta":[],"product_brand":[],"product_cat":[16],"product_tag":[70,63,146,145,108],"class_list":{"0":"post-132","1":"product","2":"type-product","3":"status-publish","4":"has-post-thumbnail","6":"product_cat-ksiazki","7":"product_tag-etnografia","8":"product_tag-katalog","9":"product_tag-kultura-ludowa","10":"product_tag-rok-obrzedowy","11":"product_tag-wystawa-czasowa","13":"first","14":"instock","15":"shipping-taxable","16":"purchasable","17":"product-type-simple"},"_links":{"self":[{"href":"https:\/\/mnzp.pl\/ksiegarnia\/index.php\/wp-json\/wp\/v2\/product\/132","targetHints":{"allow":["GET"]}}],"collection":[{"href":"https:\/\/mnzp.pl\/ksiegarnia\/index.php\/wp-json\/wp\/v2\/product"}],"about":[{"href":"https:\/\/mnzp.pl\/ksiegarnia\/index.php\/wp-json\/wp\/v2\/types\/product"}],"replies":[{"embeddable":true,"href":"https:\/\/mnzp.pl\/ksiegarnia\/index.php\/wp-json\/wp\/v2\/comments?post=132"}],"wp:featuredmedia":[{"embeddable":true,"href":"https:\/\/mnzp.pl\/ksiegarnia\/index.php\/wp-json\/wp\/v2\/media\/133"}],"wp:attachment":[{"href":"https:\/\/mnzp.pl\/ksiegarnia\/index.php\/wp-json\/wp\/v2\/media?parent=132"}],"wp:term":[{"taxonomy":"product_brand","embeddable":true,"href":"https:\/\/mnzp.pl\/ksiegarnia\/index.php\/wp-json\/wp\/v2\/product_brand?post=132"},{"taxonomy":"product_cat","embeddable":true,"href":"https:\/\/mnzp.pl\/ksiegarnia\/index.php\/wp-json\/wp\/v2\/product_cat?post=132"},{"taxonomy":"product_tag","embeddable":true,"href":"https:\/\/mnzp.pl\/ksiegarnia\/index.php\/wp-json\/wp\/v2\/product_tag?post=132"}],"curies":[{"name":"wp","href":"https:\/\/api.w.org\/{rel}","templated":true}]}}