{"id":130,"date":"2021-10-28T08:18:42","date_gmt":"2021-10-28T06:18:42","guid":{"rendered":"https:\/\/serwer1670446.home.pl\/mnzp\/ksiegarnia\/?post_type=product&#038;p=130"},"modified":"2022-12-08T11:06:05","modified_gmt":"2022-12-08T10:06:05","slug":"szumia-knieje-z-tradycji-mysliwskich-wczoraj-i-dzisiaj-informator-wystawy","status":"publish","type":"product","link":"https:\/\/mnzp.pl\/ksiegarnia\/index.php\/produkt\/szumia-knieje-z-tradycji-mysliwskich-wczoraj-i-dzisiaj-informator-wystawy\/","title":{"rendered":"\u201e \u2026 szumi\u0105 knieje\u2026\u201d. Z tradycji my\u015bliwskich wczoraj i dzisiaj. Informator wystawy"},"content":{"rendered":"<p>Publikacja na tle og\u00f3lnej wiedzy z zakresu \u0142owiectwa i my\u015blistwa, zwraca uwag\u0119 na popularno\u015b\u0107 motyw\u00f3w zwi\u0105zanych ze zwierzyn\u0105 i polowaniem w sztuce. Katalog obfituje w fotografie dotycz\u0105ce malarstwa i rysunku oraz rzeczy u\u017cytkowych nawi\u0105zuj\u0105cych do tematyki my\u015bliwskiej: naczynia, torby, zegary, kafle \u2026 Autorka omawia r\u00f3wnie\u017c pokr\u00f3tce temat broni my\u015bliwskiej.<\/p>\n","protected":false},"excerpt":{"rendered":"<h2>Zahel Dorota<\/h2>\n<p>Publikacja na tle og\u00f3lnej wiedzy z zakresu \u0142owiectwa i my\u015blistwa, zwraca uwag\u0119 na popularno\u015b\u0107 motyw\u00f3w zwi\u0105zanych ze zwierzyn\u0105 i polowaniem w sztuce&#8230;<\/p>\n","protected":false},"featured_media":131,"comment_status":"open","ping_status":"closed","template":"","meta":[],"product_brand":[],"product_cat":[16],"product_tag":[63,144,62,108],"class_list":{"0":"post-130","1":"product","2":"type-product","3":"status-publish","4":"has-post-thumbnail","6":"product_cat-ksiazki","7":"product_tag-katalog","8":"product_tag-lowiectwo","9":"product_tag-rzemioslo","10":"product_tag-wystawa-czasowa","12":"first","13":"instock","14":"shipping-taxable","15":"purchasable","16":"product-type-simple"},"_links":{"self":[{"href":"https:\/\/mnzp.pl\/ksiegarnia\/index.php\/wp-json\/wp\/v2\/product\/130","targetHints":{"allow":["GET"]}}],"collection":[{"href":"https:\/\/mnzp.pl\/ksiegarnia\/index.php\/wp-json\/wp\/v2\/product"}],"about":[{"href":"https:\/\/mnzp.pl\/ksiegarnia\/index.php\/wp-json\/wp\/v2\/types\/product"}],"replies":[{"embeddable":true,"href":"https:\/\/mnzp.pl\/ksiegarnia\/index.php\/wp-json\/wp\/v2\/comments?post=130"}],"wp:featuredmedia":[{"embeddable":true,"href":"https:\/\/mnzp.pl\/ksiegarnia\/index.php\/wp-json\/wp\/v2\/media\/131"}],"wp:attachment":[{"href":"https:\/\/mnzp.pl\/ksiegarnia\/index.php\/wp-json\/wp\/v2\/media?parent=130"}],"wp:term":[{"taxonomy":"product_brand","embeddable":true,"href":"https:\/\/mnzp.pl\/ksiegarnia\/index.php\/wp-json\/wp\/v2\/product_brand?post=130"},{"taxonomy":"product_cat","embeddable":true,"href":"https:\/\/mnzp.pl\/ksiegarnia\/index.php\/wp-json\/wp\/v2\/product_cat?post=130"},{"taxonomy":"product_tag","embeddable":true,"href":"https:\/\/mnzp.pl\/ksiegarnia\/index.php\/wp-json\/wp\/v2\/product_tag?post=130"}],"curies":[{"name":"wp","href":"https:\/\/api.w.org\/{rel}","templated":true}]}}