{"id":128,"date":"2021-10-28T07:59:42","date_gmt":"2021-10-28T05:59:42","guid":{"rendered":"https:\/\/serwer1670446.home.pl\/mnzp\/ksiegarnia\/?post_type=product&#038;p=128"},"modified":"2024-10-26T11:48:46","modified_gmt":"2024-10-26T09:48:46","slug":"emil-krcha","status":"publish","type":"product","link":"https:\/\/mnzp.pl\/ksiegarnia\/index.php\/produkt\/emil-krcha\/","title":{"rendered":"Emil Krcha"},"content":{"rendered":"<p>Publikacja jest katalogiem do prezentowanej w Przemy\u015blu wystawy stanowi\u0105cej przegl\u0105d dzie\u0142 Artysty. Komentarz do malarstwa Emila Krchy zawiera si\u0119 w trzech tekstach dotycz\u0105cych jego \u017cycia i tw\u00f3rczo\u015bci. Wy\u0142ania si\u0119 z nich obraz oryginalnego Artysty. Formizm i koloryzm, inspiracja tw\u00f3rczo\u015bci\u0105 ludow\u0105 to nurty malarstwa, kt\u00f3rym pozosta\u0142 wierny tworz\u0105c g\u0142\u00f3wnie pejza\u017ce, martwe natury z kwiatami.<\/p>\n","protected":false},"excerpt":{"rendered":"<h2>Lenartowicz \u015awiatos\u0142aw, Kozakowska-Zaucha Urszula, Blum Helena<\/h2>\n<p>Publikacja jest katalogiem do prezentowanej w Przemy\u015blu wystawy stanowi\u0105cej przegl\u0105d dzie\u0142 Artysty&#8230;<\/p>\n","protected":false},"featured_media":129,"comment_status":"open","ping_status":"closed","template":"","meta":[],"product_brand":[],"product_cat":[16],"product_tag":[63,90,93,108],"class_list":{"0":"post-128","1":"product","2":"type-product","3":"status-publish","4":"has-post-thumbnail","6":"product_cat-ksiazki","7":"product_tag-katalog","8":"product_tag-malarstwo","9":"product_tag-sztuka","10":"product_tag-wystawa-czasowa","12":"first","13":"instock","14":"shipping-taxable","15":"purchasable","16":"product-type-simple"},"_links":{"self":[{"href":"https:\/\/mnzp.pl\/ksiegarnia\/index.php\/wp-json\/wp\/v2\/product\/128","targetHints":{"allow":["GET"]}}],"collection":[{"href":"https:\/\/mnzp.pl\/ksiegarnia\/index.php\/wp-json\/wp\/v2\/product"}],"about":[{"href":"https:\/\/mnzp.pl\/ksiegarnia\/index.php\/wp-json\/wp\/v2\/types\/product"}],"replies":[{"embeddable":true,"href":"https:\/\/mnzp.pl\/ksiegarnia\/index.php\/wp-json\/wp\/v2\/comments?post=128"}],"wp:featuredmedia":[{"embeddable":true,"href":"https:\/\/mnzp.pl\/ksiegarnia\/index.php\/wp-json\/wp\/v2\/media\/129"}],"wp:attachment":[{"href":"https:\/\/mnzp.pl\/ksiegarnia\/index.php\/wp-json\/wp\/v2\/media?parent=128"}],"wp:term":[{"taxonomy":"product_brand","embeddable":true,"href":"https:\/\/mnzp.pl\/ksiegarnia\/index.php\/wp-json\/wp\/v2\/product_brand?post=128"},{"taxonomy":"product_cat","embeddable":true,"href":"https:\/\/mnzp.pl\/ksiegarnia\/index.php\/wp-json\/wp\/v2\/product_cat?post=128"},{"taxonomy":"product_tag","embeddable":true,"href":"https:\/\/mnzp.pl\/ksiegarnia\/index.php\/wp-json\/wp\/v2\/product_tag?post=128"}],"curies":[{"name":"wp","href":"https:\/\/api.w.org\/{rel}","templated":true}]}}