{"id":1270,"date":"2024-12-16T09:02:16","date_gmt":"2024-12-16T08:02:16","guid":{"rendered":"https:\/\/mnzp.pl\/ksiegarnia\/?post_type=product&#038;p=1270"},"modified":"2025-11-04T11:22:52","modified_gmt":"2025-11-04T10:22:52","slug":"przemysl-miasto-zabytkow-1945-1991-wehikul-czasu-tom-iii","status":"publish","type":"product","link":"https:\/\/mnzp.pl\/ksiegarnia\/index.php\/produkt\/przemysl-miasto-zabytkow-1945-1991-wehikul-czasu-tom-iii\/","title":{"rendered":"Przemy\u015bl Miasto Zabytk\u00f3w 1945-1991. Wehiku\u0142 Czasu tom III"},"content":{"rendered":"<p>Album Przemy\u015bl Miasto Zabytk\u00f3w 1945-1991 \u2013 Wehiku\u0142 Czasu jest trzecim (i ostatnim) tomem serii opracowywanej wsp\u00f3lnie przez Muzeum Narodowe Ziemi Przemyskiej i grup\u0119 pasjonat\u00f3w historii i fotografii skupion\u0105 wok\u00f3\u0142 facebookowej grupy Przemy\u015bl &#8211; Wehiku\u0142 Czasu.<br \/>\nW obecnym tomie przedstawiono dalsze losy miasta w fotografii w czasach Polskiej Rzeczypospolitej Ludowej oraz przemian ustrojowych lat 1989-1991.<br \/>\nPublikacj\u0119 podzielono na nast\u0119puj\u0105ce zagadnienia szczeg\u00f3\u0142owe: Zniszczenia i odbudowa miasta, Mosty, Infrastruktura miejska, Przemyski sport, Badania archeologiczne, Kultura i sztuka w Przemy\u015blu, \u017bycie muzyczne, \u017bycie spo\u0142eczne, Samorz\u0105d miejski, Turystyka, Millenium kontra Tysi\u0105clecie, Garnizon przemyski w latach 1944-1991, Niebezpieczny sp\u00f3r, Miasto ze wspomnie\u0144.<br \/>\nKa\u017cdy z rozdzia\u0142\u00f3w i podrozdzia\u0142\u00f3w opatrzono tekstami wprowadzaj\u0105cymi a przedstawione w cz\u0119\u015bci albumowej fotografie szerokimi komentarzami obejmuj\u0105cymi opr\u00f3cz opisu przedstawienia, dat\u0119 powstania oraz odno\u015bniki do kolekcji z kt\u00f3rych pochodz\u0105.<\/p>\n","protected":false},"excerpt":{"rendered":"<h2>Lucjan Fac, Karol Kicman (red.)<\/h2>\n<p>Album Przemy\u015bl Miasto Zabytk\u00f3w 1945-1991 \u2013 Wehiku\u0142 Czasu jest trzecim (i ostatnim) tomem serii opracowywanej wsp\u00f3lnie przez Muzeum Narodowe Ziemi Przemyskiej i grup\u0119 pasjonat\u00f3w historii i fotografii skupion\u0105 wok\u00f3\u0142 facebookowej grupy Przemy\u015bl &#8211; Wehiku\u0142 Czasu.<\/p>\n","protected":false},"featured_media":1271,"comment_status":"open","ping_status":"closed","template":"","meta":[],"product_brand":[],"product_cat":[16],"product_tag":[125,64,58],"class_list":{"0":"post-1270","1":"product","2":"type-product","3":"status-publish","4":"has-post-thumbnail","6":"product_cat-ksiazki","7":"product_tag-album","8":"product_tag-historia","9":"product_tag-przemysl","11":"first","12":"outofstock","13":"shipping-taxable","14":"purchasable","15":"product-type-simple"},"_links":{"self":[{"href":"https:\/\/mnzp.pl\/ksiegarnia\/index.php\/wp-json\/wp\/v2\/product\/1270","targetHints":{"allow":["GET"]}}],"collection":[{"href":"https:\/\/mnzp.pl\/ksiegarnia\/index.php\/wp-json\/wp\/v2\/product"}],"about":[{"href":"https:\/\/mnzp.pl\/ksiegarnia\/index.php\/wp-json\/wp\/v2\/types\/product"}],"replies":[{"embeddable":true,"href":"https:\/\/mnzp.pl\/ksiegarnia\/index.php\/wp-json\/wp\/v2\/comments?post=1270"}],"wp:featuredmedia":[{"embeddable":true,"href":"https:\/\/mnzp.pl\/ksiegarnia\/index.php\/wp-json\/wp\/v2\/media\/1271"}],"wp:attachment":[{"href":"https:\/\/mnzp.pl\/ksiegarnia\/index.php\/wp-json\/wp\/v2\/media?parent=1270"}],"wp:term":[{"taxonomy":"product_brand","embeddable":true,"href":"https:\/\/mnzp.pl\/ksiegarnia\/index.php\/wp-json\/wp\/v2\/product_brand?post=1270"},{"taxonomy":"product_cat","embeddable":true,"href":"https:\/\/mnzp.pl\/ksiegarnia\/index.php\/wp-json\/wp\/v2\/product_cat?post=1270"},{"taxonomy":"product_tag","embeddable":true,"href":"https:\/\/mnzp.pl\/ksiegarnia\/index.php\/wp-json\/wp\/v2\/product_tag?post=1270"}],"curies":[{"name":"wp","href":"https:\/\/api.w.org\/{rel}","templated":true}]}}