{"id":1227,"date":"2024-11-26T13:06:41","date_gmt":"2024-11-26T12:06:41","guid":{"rendered":"https:\/\/mnzp.pl\/ksiegarnia\/?post_type=product&#038;p=1227"},"modified":"2024-11-26T13:06:41","modified_gmt":"2024-11-26T12:06:41","slug":"karnawal-w-miescie-i-na-wsi","status":"publish","type":"product","link":"https:\/\/mnzp.pl\/ksiegarnia\/index.php\/produkt\/karnawal-w-miescie-i-na-wsi\/","title":{"rendered":"Karnawa\u0142 w mie\u015bcie i na wsi"},"content":{"rendered":"<p>Publikacja stanowi istotne \u017ar\u00f3d\u0142o wiedzy na temat zwyczaj\u00f3w i obrz\u0119d\u00f3w zapustnych praktykowanych niegdy\u015b w Polsce, a szczeg\u00f3lnie na obszarze ziemi przemyskiej. Obecnie czas karnawa\u0142u sprowadza si\u0119 najcz\u0119\u015bciej do spo\u017cywania p\u0105czk\u00f3w lub fawork\u00f3w w t\u0142usty czwartek, ewentualnie udzia\u0142u w zabawie ostatkowej. A jeszcze w XIX wieku \u00f3w czas zar\u00f3wno na pograniczu nadsa\u0144skim, jak i w ca\u0142ej Polsce obchodzony by\u0142 niezwykle hucznie. W miastach organizowano bale i wieczorki ta\u0144cuj\u0105ce, w wiejskich chatach odbywa\u0142y si\u0119 wieczernice zrzeszaj\u0105ce przyjaci\u00f3\u0142 i s\u0105siad\u00f3w, w karczmach trwa\u0142y radosne pota\u0144c\u00f3wki, a po wsiach w\u0119drowa\u0142y kolorowe korowody przebiera\u0144c\u00f3w nios\u0105cych ludziom rado\u015b\u0107, ale i dobr\u0105 wr\u00f3\u017cb\u0119 na nowy rok agrarny. Wspomniane wy\u017cej spotkania stanowi\u0142y dla m\u0142odych ludzi doskona\u0142a okazj\u0119 do poznania si\u0119, umo\u017cliwia\u0142y r\u00f3wnie\u017c zacie\u015bnianie si\u0119 wi\u0119zi rodzinnych i s\u0105siedzkich oraz wykonanie rytua\u0142\u00f3w maj\u0105cych pobudzi\u0107 natur\u0119 do \u017cycia, zwi\u0119kszy\u0107 p\u0142odno\u015b\u0107 ziemi i ludzi.<\/p>\n<p>Autorki umiej\u0119tnie prezentuj\u0105 t\u0119 radosn\u0105 atmosfer\u0119 zapust\u00f3w i przenosz\u0105 Czytelnika w \u015bwiat pe\u0142nych weso\u0142o\u015bci s\u0105siedzkich spotka\u0144, zapraszaj\u0105c do wsp\u00f3lnej zabawy i zach\u0119caj\u0105c do bardziej szczeg\u00f3\u0142owego poznania tych r\u00f3\u017cnorodnych, fascynuj\u0105cych zwyczaj\u00f3w. Dostrzegaj\u0105, jak donios\u0142\u0105 rol\u0119 dla zjednoczenia spo\u0142eczno\u015bci pe\u0142ni\u0142y zapusty, i umo\u017cliwiaj\u0105 zrozumienie istoty tych spotka\u0144 i ich znaczenia na wielu p\u0142aszczyznach.<\/p>\n<p style=\"text-align: right;\">Z recenzji dr. hab. Zdzis\u0142awa Kupisi\u0144skiego SVD, prof. KUL<\/p>\n","protected":false},"excerpt":{"rendered":"<h2>Ma\u0142gorzata Dziura, Dorota Zahel<\/h2>\n<p>Publikacja stanowi istotne \u017ar\u00f3d\u0142o wiedzy na temat zwyczaj\u00f3w i obrz\u0119d\u00f3w zapustnych praktykowanych niegdy\u015b w Polsce, a szczeg\u00f3lnie na obszarze ziemi przemyskiej.<\/p>\n","protected":false},"featured_media":1229,"comment_status":"open","ping_status":"closed","template":"","meta":[],"product_brand":[],"product_cat":[16],"product_tag":[70,218,219],"class_list":{"0":"post-1227","1":"product","2":"type-product","3":"status-publish","4":"has-post-thumbnail","6":"product_cat-ksiazki","7":"product_tag-etnografia","8":"product_tag-karnawal","9":"product_tag-zwyczaje-ludowe","11":"first","12":"instock","13":"shipping-taxable","14":"purchasable","15":"product-type-simple"},"_links":{"self":[{"href":"https:\/\/mnzp.pl\/ksiegarnia\/index.php\/wp-json\/wp\/v2\/product\/1227","targetHints":{"allow":["GET"]}}],"collection":[{"href":"https:\/\/mnzp.pl\/ksiegarnia\/index.php\/wp-json\/wp\/v2\/product"}],"about":[{"href":"https:\/\/mnzp.pl\/ksiegarnia\/index.php\/wp-json\/wp\/v2\/types\/product"}],"replies":[{"embeddable":true,"href":"https:\/\/mnzp.pl\/ksiegarnia\/index.php\/wp-json\/wp\/v2\/comments?post=1227"}],"wp:featuredmedia":[{"embeddable":true,"href":"https:\/\/mnzp.pl\/ksiegarnia\/index.php\/wp-json\/wp\/v2\/media\/1229"}],"wp:attachment":[{"href":"https:\/\/mnzp.pl\/ksiegarnia\/index.php\/wp-json\/wp\/v2\/media?parent=1227"}],"wp:term":[{"taxonomy":"product_brand","embeddable":true,"href":"https:\/\/mnzp.pl\/ksiegarnia\/index.php\/wp-json\/wp\/v2\/product_brand?post=1227"},{"taxonomy":"product_cat","embeddable":true,"href":"https:\/\/mnzp.pl\/ksiegarnia\/index.php\/wp-json\/wp\/v2\/product_cat?post=1227"},{"taxonomy":"product_tag","embeddable":true,"href":"https:\/\/mnzp.pl\/ksiegarnia\/index.php\/wp-json\/wp\/v2\/product_tag?post=1227"}],"curies":[{"name":"wp","href":"https:\/\/api.w.org\/{rel}","templated":true}]}}