{"id":122,"date":"2021-10-27T15:21:08","date_gmt":"2021-10-27T13:21:08","guid":{"rendered":"https:\/\/serwer1670446.home.pl\/mnzp\/ksiegarnia\/?post_type=product&#038;p=122"},"modified":"2022-12-08T10:52:46","modified_gmt":"2022-12-08T09:52:46","slug":"swiat-przeszly-dokonany-judaika-ze-zbiorow-mnzp","status":"publish","type":"product","link":"https:\/\/mnzp.pl\/ksiegarnia\/index.php\/produkt\/swiat-przeszly-dokonany-judaika-ze-zbiorow-mnzp\/","title":{"rendered":"\u015awiat przesz\u0142y dokonany. Judaika ze zbior\u00f3w MNZP"},"content":{"rendered":"<p>Przedmiotem wydawnictwa s\u0105 judaika oraz zbiory zwi\u0105zane z tematyka \u017cydowsk\u0105 w naszym Muzeum. Opr\u00f3cz not katalogowych i fotografii zabytk\u00f3w, na kartach ksi\u0105\u017cki odnajdujemy tak\u017ce histori\u0119 \u017byd\u00f3w przemyskich, ich kultur\u0119, obyczaje, \u015bwi\u0119ta. Na ko\u0144cu zamieszczono s\u0142ownik wybitnych przedstawicieli spo\u0142eczno\u015bci \u017cydowskiej Przemy\u015bla. Ca\u0142o\u015b\u0107 r\u00f3wnie\u017c w wersji angielskiej.<\/p>\n","protected":false},"excerpt":{"rendered":"<h2>Kostek J\u00f3zefa<\/h2>\n<p>Wydawnictwo opisuje judaika oraz zbiory zwi\u0105zane z tematyka \u017cydowsk\u0105 w naszym Muzeum&#8230;<\/p>\n","protected":false},"featured_media":123,"comment_status":"open","ping_status":"closed","template":"","meta":[],"product_brand":[],"product_cat":[16],"product_tag":[64,141,63,119],"class_list":{"0":"post-122","1":"product","2":"type-product","3":"status-publish","4":"has-post-thumbnail","6":"product_cat-ksiazki","7":"product_tag-historia","8":"product_tag-judaika","9":"product_tag-katalog","10":"product_tag-zydzi","12":"first","13":"instock","14":"shipping-taxable","15":"purchasable","16":"product-type-simple"},"_links":{"self":[{"href":"https:\/\/mnzp.pl\/ksiegarnia\/index.php\/wp-json\/wp\/v2\/product\/122","targetHints":{"allow":["GET"]}}],"collection":[{"href":"https:\/\/mnzp.pl\/ksiegarnia\/index.php\/wp-json\/wp\/v2\/product"}],"about":[{"href":"https:\/\/mnzp.pl\/ksiegarnia\/index.php\/wp-json\/wp\/v2\/types\/product"}],"replies":[{"embeddable":true,"href":"https:\/\/mnzp.pl\/ksiegarnia\/index.php\/wp-json\/wp\/v2\/comments?post=122"}],"wp:featuredmedia":[{"embeddable":true,"href":"https:\/\/mnzp.pl\/ksiegarnia\/index.php\/wp-json\/wp\/v2\/media\/123"}],"wp:attachment":[{"href":"https:\/\/mnzp.pl\/ksiegarnia\/index.php\/wp-json\/wp\/v2\/media?parent=122"}],"wp:term":[{"taxonomy":"product_brand","embeddable":true,"href":"https:\/\/mnzp.pl\/ksiegarnia\/index.php\/wp-json\/wp\/v2\/product_brand?post=122"},{"taxonomy":"product_cat","embeddable":true,"href":"https:\/\/mnzp.pl\/ksiegarnia\/index.php\/wp-json\/wp\/v2\/product_cat?post=122"},{"taxonomy":"product_tag","embeddable":true,"href":"https:\/\/mnzp.pl\/ksiegarnia\/index.php\/wp-json\/wp\/v2\/product_tag?post=122"}],"curies":[{"name":"wp","href":"https:\/\/api.w.org\/{rel}","templated":true}]}}