{"id":1205,"date":"2024-11-22T15:30:54","date_gmt":"2024-11-22T14:30:54","guid":{"rendered":"https:\/\/mnzp.pl\/ksiegarnia\/?post_type=product&#038;p=1205"},"modified":"2025-01-23T10:59:50","modified_gmt":"2025-01-23T09:59:50","slug":"mapa-ziemia-przemyska-za-panowania-wazow-1587-1668-podzial-administracyjny","status":"publish","type":"product","link":"https:\/\/mnzp.pl\/ksiegarnia\/index.php\/produkt\/mapa-ziemia-przemyska-za-panowania-wazow-1587-1668-podzial-administracyjny\/","title":{"rendered":"Mapa Ziemia Przemyska za panowania Waz\u00f3w 1587-1668 podzia\u0142 administracyjny"},"content":{"rendered":"<p>Mapa przedstawia zasi\u0119g ziemi przemyskiej w latach 1587-1668. Zaprezentowany podzia\u0142 administracyjny obejmuje miejscowo\u015bci w \u00f3wczesnych powiatach: przemyskim, samborskim, stryjskim oraz drohobyckim. Ca\u0142o\u015b\u0107 naniesiono na warstw\u0119 cieniowania przedstawiaj\u0105c\u0105 rze\u017ab\u0119 terenu wraz sieci\u0105 rzeczn\u0105 dorzeczy Sanu i Dniestru. Na odwrotnej stronie znajduje si\u0119 indeks miejscowo\u015bci wraz z odniesieniami do przyj\u0119tej na mapie osnowy kartograficznej. Mapa sprzedawana jest w papierowej tubie ochronnej.<\/p>\n<p><strong>Uwaga!<\/strong><br \/>\n<strong>Ze wzgl\u0119du na wymiary tuby mapy wysy\u0142amy tylko jako przesy\u0142ki kurierskie.<\/strong><\/p>\n<p>&nbsp;<\/p>\n","protected":false},"excerpt":{"rendered":"<p>Mapa przedstawia zasi\u0119g ziemi przemyskiej w latach 1587-1668. Zaprezentowany podzia\u0142 administracyjny obejmuje miejscowo\u015bci w \u00f3wczesnych powiatach: przemyskim, samborskim, stryjskim oraz drohobyckim.<\/p>\n","protected":false},"featured_media":1207,"comment_status":"open","ping_status":"closed","template":"","meta":[],"product_brand":[],"product_cat":[16],"product_tag":[215],"class_list":{"0":"post-1205","1":"product","2":"type-product","3":"status-publish","4":"has-post-thumbnail","6":"product_cat-ksiazki","7":"product_tag-mapa","9":"first","10":"instock","11":"shipping-taxable","12":"purchasable","13":"product-type-simple"},"_links":{"self":[{"href":"https:\/\/mnzp.pl\/ksiegarnia\/index.php\/wp-json\/wp\/v2\/product\/1205","targetHints":{"allow":["GET"]}}],"collection":[{"href":"https:\/\/mnzp.pl\/ksiegarnia\/index.php\/wp-json\/wp\/v2\/product"}],"about":[{"href":"https:\/\/mnzp.pl\/ksiegarnia\/index.php\/wp-json\/wp\/v2\/types\/product"}],"replies":[{"embeddable":true,"href":"https:\/\/mnzp.pl\/ksiegarnia\/index.php\/wp-json\/wp\/v2\/comments?post=1205"}],"wp:featuredmedia":[{"embeddable":true,"href":"https:\/\/mnzp.pl\/ksiegarnia\/index.php\/wp-json\/wp\/v2\/media\/1207"}],"wp:attachment":[{"href":"https:\/\/mnzp.pl\/ksiegarnia\/index.php\/wp-json\/wp\/v2\/media?parent=1205"}],"wp:term":[{"taxonomy":"product_brand","embeddable":true,"href":"https:\/\/mnzp.pl\/ksiegarnia\/index.php\/wp-json\/wp\/v2\/product_brand?post=1205"},{"taxonomy":"product_cat","embeddable":true,"href":"https:\/\/mnzp.pl\/ksiegarnia\/index.php\/wp-json\/wp\/v2\/product_cat?post=1205"},{"taxonomy":"product_tag","embeddable":true,"href":"https:\/\/mnzp.pl\/ksiegarnia\/index.php\/wp-json\/wp\/v2\/product_tag?post=1205"}],"curies":[{"name":"wp","href":"https:\/\/api.w.org\/{rel}","templated":true}]}}