{"id":120,"date":"2021-10-27T15:16:03","date_gmt":"2021-10-27T13:16:03","guid":{"rendered":"https:\/\/serwer1670446.home.pl\/mnzp\/ksiegarnia\/?post_type=product&#038;p=120"},"modified":"2022-12-08T10:43:07","modified_gmt":"2022-12-08T09:43:07","slug":"dzwony-w-pejzazu-pogranicza-nadsanskiego","status":"publish","type":"product","link":"https:\/\/mnzp.pl\/ksiegarnia\/index.php\/produkt\/dzwony-w-pejzazu-pogranicza-nadsanskiego\/","title":{"rendered":"Dzwony w pejza\u017cu pogranicza nadsa\u0144skiego"},"content":{"rendered":"<p>Ksi\u0105\u017cka omawia pokr\u00f3tce rol\u0119 i znaczenie dzwon\u00f3w dla wsp\u00f3lnotowo\u015bci lokalnej, zwyczaje i obyczaje zwi\u0105zane z dzwonami oraz architektur\u0119 dzwonnic pogranicza nadsa\u0144skiego. W sumie znajdujemy opisy dzwon\u00f3w znajduj\u0105cych si\u0119 na terenie 23. miejscowo\u015bci z tego terenu, mi\u0119dzy innymi z: Mrzyg\u0142odu, Dydni, Krasiczyna, Olszan, Dynowa, Dubiecka, Bach\u00f3rca, Krzywczy czy Babic. Wszystkie dzwony oraz dzwonnice zosta\u0142y udokumentowane i pokazane na ilustracjach.<\/p>\n","protected":false},"excerpt":{"rendered":"<h2>Dziura Ma\u0142gorzata<\/h2>\n<p>Ksi\u0105\u017cka omawia pokr\u00f3tce rol\u0119 i znaczenie dzwon\u00f3w dla wsp\u00f3lnotowo\u015bci lokalnej, zwyczaje i obyczaje zwi\u0105zane z dzwonami oraz architektur\u0119 dzwonnic pogranicza nadsa\u0144skiego&#8230;<\/p>\n","protected":false},"featured_media":121,"comment_status":"open","ping_status":"closed","template":"","meta":[],"product_brand":[],"product_cat":[16],"product_tag":[70,63,109,108],"class_list":{"0":"post-120","1":"product","2":"type-product","3":"status-publish","4":"has-post-thumbnail","6":"product_cat-ksiazki","7":"product_tag-etnografia","8":"product_tag-katalog","9":"product_tag-muzeum-dzwonow-i-fajek","10":"product_tag-wystawa-czasowa","12":"first","13":"instock","14":"shipping-taxable","15":"purchasable","16":"product-type-simple"},"_links":{"self":[{"href":"https:\/\/mnzp.pl\/ksiegarnia\/index.php\/wp-json\/wp\/v2\/product\/120","targetHints":{"allow":["GET"]}}],"collection":[{"href":"https:\/\/mnzp.pl\/ksiegarnia\/index.php\/wp-json\/wp\/v2\/product"}],"about":[{"href":"https:\/\/mnzp.pl\/ksiegarnia\/index.php\/wp-json\/wp\/v2\/types\/product"}],"replies":[{"embeddable":true,"href":"https:\/\/mnzp.pl\/ksiegarnia\/index.php\/wp-json\/wp\/v2\/comments?post=120"}],"wp:featuredmedia":[{"embeddable":true,"href":"https:\/\/mnzp.pl\/ksiegarnia\/index.php\/wp-json\/wp\/v2\/media\/121"}],"wp:attachment":[{"href":"https:\/\/mnzp.pl\/ksiegarnia\/index.php\/wp-json\/wp\/v2\/media?parent=120"}],"wp:term":[{"taxonomy":"product_brand","embeddable":true,"href":"https:\/\/mnzp.pl\/ksiegarnia\/index.php\/wp-json\/wp\/v2\/product_brand?post=120"},{"taxonomy":"product_cat","embeddable":true,"href":"https:\/\/mnzp.pl\/ksiegarnia\/index.php\/wp-json\/wp\/v2\/product_cat?post=120"},{"taxonomy":"product_tag","embeddable":true,"href":"https:\/\/mnzp.pl\/ksiegarnia\/index.php\/wp-json\/wp\/v2\/product_tag?post=120"}],"curies":[{"name":"wp","href":"https:\/\/api.w.org\/{rel}","templated":true}]}}