{"id":118,"date":"2021-10-27T15:10:08","date_gmt":"2021-10-27T13:10:08","guid":{"rendered":"https:\/\/serwer1670446.home.pl\/mnzp\/ksiegarnia\/?post_type=product&#038;p=118"},"modified":"2022-12-08T10:36:22","modified_gmt":"2022-12-08T09:36:22","slug":"marian-stronski-1892-1977-zycie-i-tworczosc","status":"publish","type":"product","link":"https:\/\/mnzp.pl\/ksiegarnia\/index.php\/produkt\/marian-stronski-1892-1977-zycie-i-tworczosc\/","title":{"rendered":"Marian Stro\u0144ski (1892-1977). \u017bycie i tw\u00f3rczo\u015b\u0107."},"content":{"rendered":"<p>Publikacja, chocia\u017c stanowi katalog do prezentowanej w Muzeum Historii Miasta wystawy sta\u0142ej Artysty, jest bogato ilustrowan\u0105 monografi\u0105 Stro\u0144skiego. Przybli\u017ca fakty z jego \u017cycia: m\u0142odo\u015b\u0107, podr\u00f3\u017ce, okres przemyski, \u017cycie domowe i rodzinne. Wszystkie te w\u0105tki ilustruj\u0105 liczne fotografie, cytaty, listy oraz portrety zamieszczone w ksi\u0105\u017cce. Bogata tw\u00f3rczo\u015b\u0107 Stro\u0144skiego zosta\u0142a przedstawiona w spos\u00f3b systematyczny i podzielona wg kryteri\u00f3w rodzaj\u00f3w malarstwa, czy te\u017c technik jakimi si\u0119 pos\u0142ugiwa\u0142. Na ko\u0144cu zamieszczono kalendarium wystaw prac Mariana Stro\u0144skiego od 1920 do 2016 roku.<\/p>\n","protected":false},"excerpt":{"rendered":"<h2>Winiarska Katarzyna<\/h2>\n<p>Publikacja, chocia\u017c stanowi katalog do prezentowanej w Muzeum Historii Miasta wystawy sta\u0142ej Artysty, jest bogato ilustrowan\u0105 monografi\u0105 Stro\u0144skiego&#8230;<\/p>\n","protected":false},"featured_media":119,"comment_status":"open","ping_status":"closed","template":"","meta":[],"product_brand":[],"product_cat":[16],"product_tag":[92,63,90,93],"class_list":{"0":"post-118","1":"product","2":"type-product","3":"status-publish","4":"has-post-thumbnail","6":"product_cat-ksiazki","7":"product_tag-grafika","8":"product_tag-katalog","9":"product_tag-malarstwo","10":"product_tag-sztuka","12":"first","13":"instock","14":"shipping-taxable","15":"purchasable","16":"product-type-simple"},"_links":{"self":[{"href":"https:\/\/mnzp.pl\/ksiegarnia\/index.php\/wp-json\/wp\/v2\/product\/118","targetHints":{"allow":["GET"]}}],"collection":[{"href":"https:\/\/mnzp.pl\/ksiegarnia\/index.php\/wp-json\/wp\/v2\/product"}],"about":[{"href":"https:\/\/mnzp.pl\/ksiegarnia\/index.php\/wp-json\/wp\/v2\/types\/product"}],"replies":[{"embeddable":true,"href":"https:\/\/mnzp.pl\/ksiegarnia\/index.php\/wp-json\/wp\/v2\/comments?post=118"}],"wp:featuredmedia":[{"embeddable":true,"href":"https:\/\/mnzp.pl\/ksiegarnia\/index.php\/wp-json\/wp\/v2\/media\/119"}],"wp:attachment":[{"href":"https:\/\/mnzp.pl\/ksiegarnia\/index.php\/wp-json\/wp\/v2\/media?parent=118"}],"wp:term":[{"taxonomy":"product_brand","embeddable":true,"href":"https:\/\/mnzp.pl\/ksiegarnia\/index.php\/wp-json\/wp\/v2\/product_brand?post=118"},{"taxonomy":"product_cat","embeddable":true,"href":"https:\/\/mnzp.pl\/ksiegarnia\/index.php\/wp-json\/wp\/v2\/product_cat?post=118"},{"taxonomy":"product_tag","embeddable":true,"href":"https:\/\/mnzp.pl\/ksiegarnia\/index.php\/wp-json\/wp\/v2\/product_tag?post=118"}],"curies":[{"name":"wp","href":"https:\/\/api.w.org\/{rel}","templated":true}]}}