{"id":1167,"date":"2024-10-03T15:13:52","date_gmt":"2024-10-03T13:13:52","guid":{"rendered":"https:\/\/mnzp.pl\/ksiegarnia\/?post_type=product&#038;p=1167"},"modified":"2024-10-03T15:13:53","modified_gmt":"2024-10-03T13:13:53","slug":"po-pierwsze-gromadzic-najciekawsze-nabytki-muzealne-z-lat-2012-2022","status":"publish","type":"product","link":"https:\/\/mnzp.pl\/ksiegarnia\/index.php\/produkt\/po-pierwsze-gromadzic-najciekawsze-nabytki-muzealne-z-lat-2012-2022\/","title":{"rendered":"Po pierwsze gromadzi\u0107. Najciekawsze nabytki muzealne z lat 2012 &#8211; 2022"},"content":{"rendered":"<p>Licz\u0105cy 470 stron katalog prezentuje 632 noty katalogowe zabytk\u00f3w przedstawionych na wystawie. Obejmuje on zbiory ze wszystkich dzia\u0142\u00f3w Muzeum pocz\u0105wszy od artefakt\u00f3w archeologicznych przez etnograficzne, historyczne, zbiory ikon, malarstwa, grafiki, rysunku, militari\u00f3w, rzemios\u0142a i przemys\u0142u artystycznego, techniki, rze\u017aby, plakiety i medale, tkanin, przyrodnicze oraz varia.<\/p>\n<p>Ka\u017cdy przedmiot opatrzono barwn\u0105 fotografi\u0105 oraz obszernym opisem a wielu przypadkach r\u00f3wnie\u017c dodatkowym komentarzem zawieraj\u0105cym szersze informacje i ciekawostki.<\/p>\n<p>Ca\u0142o\u015b\u0107 publikacji uzupe\u0142nia wst\u0119p kr\u00f3tko omawiaj\u0105cy histori\u0119 muzeum jako instytucji oraz okoliczno\u015bci organizacji wystawy \u201ePo pierwsze gromadzi\u0107. Najciekawsze nabytki muzealne z lat 2012-2022\u201d.<\/p>\n<p>Na ko\u0144cu zamieszczono tak\u017ce wykaz wybranej literatury, dzi\u0119ki kt\u00f3remu czytelnik mo\u017ce odnale\u017a\u0107 dodatkowe informacje o zabytkach, jakie ze wzgl\u0119d\u00f3w obj\u0119to\u015bciowych obecnego wydawnictwa, nie mog\u0142y zosta\u0107 uj\u0119te na jego kartach.<\/p>\n","protected":false},"excerpt":{"rendered":"<h2>Marta Trojanowska (red.)<\/h2>\n<p>Licz\u0105cy 470 stron katalog prezentuje 632 noty katalogowe zabytk\u00f3w przedstawionych na wystawie. Obejmuje on zbiory ze wszystkich dzia\u0142\u00f3w Muzeum pocz\u0105wszy od artefakt\u00f3w archeologicznych przez etnograficzne, historyczne, zbiory ikon, malarstwa, grafiki, rysunku, militari\u00f3w, rzemios\u0142a i przemys\u0142u artystycznego, techniki, rze\u017aby, plakiety i medale, tkanin, przyrodnicze oraz varia.<\/p>\n","protected":false},"featured_media":1168,"comment_status":"open","ping_status":"closed","template":"","meta":[],"product_brand":[],"product_cat":[16],"product_tag":[122,64,126,63,89,123,207],"class_list":{"0":"post-1167","1":"product","2":"type-product","3":"status-publish","4":"has-post-thumbnail","6":"product_cat-ksiazki","7":"product_tag-archeologia","8":"product_tag-historia","9":"product_tag-historia-muzeum","10":"product_tag-katalog","11":"product_tag-katalogi-wystaw","12":"product_tag-numizmatyka","13":"product_tag-varia","15":"first","16":"instock","17":"shipping-taxable","18":"purchasable","19":"product-type-simple"},"_links":{"self":[{"href":"https:\/\/mnzp.pl\/ksiegarnia\/index.php\/wp-json\/wp\/v2\/product\/1167","targetHints":{"allow":["GET"]}}],"collection":[{"href":"https:\/\/mnzp.pl\/ksiegarnia\/index.php\/wp-json\/wp\/v2\/product"}],"about":[{"href":"https:\/\/mnzp.pl\/ksiegarnia\/index.php\/wp-json\/wp\/v2\/types\/product"}],"replies":[{"embeddable":true,"href":"https:\/\/mnzp.pl\/ksiegarnia\/index.php\/wp-json\/wp\/v2\/comments?post=1167"}],"wp:featuredmedia":[{"embeddable":true,"href":"https:\/\/mnzp.pl\/ksiegarnia\/index.php\/wp-json\/wp\/v2\/media\/1168"}],"wp:attachment":[{"href":"https:\/\/mnzp.pl\/ksiegarnia\/index.php\/wp-json\/wp\/v2\/media?parent=1167"}],"wp:term":[{"taxonomy":"product_brand","embeddable":true,"href":"https:\/\/mnzp.pl\/ksiegarnia\/index.php\/wp-json\/wp\/v2\/product_brand?post=1167"},{"taxonomy":"product_cat","embeddable":true,"href":"https:\/\/mnzp.pl\/ksiegarnia\/index.php\/wp-json\/wp\/v2\/product_cat?post=1167"},{"taxonomy":"product_tag","embeddable":true,"href":"https:\/\/mnzp.pl\/ksiegarnia\/index.php\/wp-json\/wp\/v2\/product_tag?post=1167"}],"curies":[{"name":"wp","href":"https:\/\/api.w.org\/{rel}","templated":true}]}}