{"id":116,"date":"2021-10-27T15:06:30","date_gmt":"2021-10-27T13:06:30","guid":{"rendered":"https:\/\/serwer1670446.home.pl\/mnzp\/ksiegarnia\/?post_type=product&#038;p=116"},"modified":"2022-12-08T10:31:35","modified_gmt":"2022-12-08T09:31:35","slug":"przywrocic-pamieci-150-rocznica-urodzin-ksiecia-kardynala-adama-stefana-sapiehy-1867-1951","status":"publish","type":"product","link":"https:\/\/mnzp.pl\/ksiegarnia\/index.php\/produkt\/przywrocic-pamieci-150-rocznica-urodzin-ksiecia-kardynala-adama-stefana-sapiehy-1867-1951\/","title":{"rendered":"Przywr\u00f3ci\u0107 pami\u0119ci: 150. rocznica urodzin ksi\u0119cia kardyna\u0142a Adama Stefana Sapiehy (1867-1951)"},"content":{"rendered":"<p>Wydawnictwo pokonferencyjne. Zawiera materia\u0142y z konferencji naukowej w Krasiczynie, 14 maja 2017 roku oraz fotorelacj\u0119 z obchod\u00f3w 150. rocznicy urodzin kard. Sapiehy organizowanych przez Muzeum Narodowe Ziemi Przemyskiej. Przybli\u017ca posta\u0107 Ksi\u0119cia Niez\u0142omnego &#8211; Kardyna\u0142a Adama Stefana Sapiehy. Konferencja towarzyszy\u0142a wystawie &#8222;Przywr\u00f3ci\u0107 Pami\u0119ci. 150. Rocznica Urodzin Ksi\u0119cia Kardyna\u0142a Adama Stefana Sapiehy 1867-1951&#8221;, kt\u00f3ra prezentowana by\u0142a w Muzeum Narodowym Ziemi Przemyskiej od 13 maja do 2 lipca 2017 roku.<\/p>\n<p>Tytu\u0142y referat\u00f3w:<\/p>\n<p>mgr \u017baneta Niedba\u0142a, Krasiczyn \u2013\u00a0<i>gniazdo rodzinne ks. kardyna\u0142a Sapiehy. Wp\u0142yw \u015brodowiska rodzinnego na postawy \u017cyciowe<\/i><\/p>\n<p>siostra dr Bo\u017cena Leszczy\u0144ska OCV,\u00a0<i>Crux mihi foederis arcus. Kilka refleksji o tajemnicy kap\u0142a\u0144skiego powo\u0142ania ks. kard. Adama Stefana Sapiehy<\/i><\/p>\n<p>prof. dr hab. Kazimierz Karolczak,\u00a0<i>Sapieh\u00f3w lwowskie \u015blady<\/i><\/p>\n<p>mgr Marcin Marynowski,<i>\u00a0Ingerencja cenzury w II tomie Ksi\u0119gi Sapie\u017cy\u0144skiej<\/i><\/p>\n<p>ksi\u0105dz prof. dr hab. Jacek Urban,<i>\u00a0Adam Stefan Sapieha w spu\u015bci\u017anie ks. prof. Jerzego Wolnego<\/i><\/p>\n<p>redaktor Marian Piotr Romaniuk,\u00a0<i>Stefan Wyszy\u0144ski \u2013 Adam Sapieha. Relacje Prymasa Polski i Metropolity Krakowskiego, 1946-1951, w \u015bwietle najnowszych dokument\u00f3w<\/i><\/p>\n<p>ksi\u0105dz J\u00f3zef Jo\u0144czyk,\u00a0<i>\u015awiadectwo na temat powstania i dzia\u0142alno\u015bci Katolickiego Domu Kultury im. ks. kard. A.S. Sapiehy przy parafii \u015bw. Kazimierza w Krakowie<\/i><\/p>\n","protected":false},"excerpt":{"rendered":"<h2>red. Marynowski Marcin, red. Urban Jacek<\/h2>\n<p>Wydawnictwo pokonferencyjne. Zawiera materia\u0142y z konferencji naukowej w Krasiczynie, 14 maja 2017 roku oraz fotorelacj\u0119 z obchod\u00f3w 150. rocznicy urodzin kard. Sapiehy&#8230;<\/p>\n","protected":false},"featured_media":117,"comment_status":"open","ping_status":"closed","template":"","meta":[],"product_brand":[],"product_cat":[16],"product_tag":[64,137,140],"class_list":{"0":"post-116","1":"product","2":"type-product","3":"status-publish","4":"has-post-thumbnail","6":"product_cat-ksiazki","7":"product_tag-historia","8":"product_tag-kosciol","9":"product_tag-materialy-konferencyjne","11":"first","12":"instock","13":"shipping-taxable","14":"purchasable","15":"product-type-simple"},"_links":{"self":[{"href":"https:\/\/mnzp.pl\/ksiegarnia\/index.php\/wp-json\/wp\/v2\/product\/116","targetHints":{"allow":["GET"]}}],"collection":[{"href":"https:\/\/mnzp.pl\/ksiegarnia\/index.php\/wp-json\/wp\/v2\/product"}],"about":[{"href":"https:\/\/mnzp.pl\/ksiegarnia\/index.php\/wp-json\/wp\/v2\/types\/product"}],"replies":[{"embeddable":true,"href":"https:\/\/mnzp.pl\/ksiegarnia\/index.php\/wp-json\/wp\/v2\/comments?post=116"}],"wp:featuredmedia":[{"embeddable":true,"href":"https:\/\/mnzp.pl\/ksiegarnia\/index.php\/wp-json\/wp\/v2\/media\/117"}],"wp:attachment":[{"href":"https:\/\/mnzp.pl\/ksiegarnia\/index.php\/wp-json\/wp\/v2\/media?parent=116"}],"wp:term":[{"taxonomy":"product_brand","embeddable":true,"href":"https:\/\/mnzp.pl\/ksiegarnia\/index.php\/wp-json\/wp\/v2\/product_brand?post=116"},{"taxonomy":"product_cat","embeddable":true,"href":"https:\/\/mnzp.pl\/ksiegarnia\/index.php\/wp-json\/wp\/v2\/product_cat?post=116"},{"taxonomy":"product_tag","embeddable":true,"href":"https:\/\/mnzp.pl\/ksiegarnia\/index.php\/wp-json\/wp\/v2\/product_tag?post=116"}],"curies":[{"name":"wp","href":"https:\/\/api.w.org\/{rel}","templated":true}]}}