{"id":112,"date":"2021-10-27T14:59:02","date_gmt":"2021-10-27T12:59:02","guid":{"rendered":"https:\/\/serwer1670446.home.pl\/mnzp\/ksiegarnia\/?post_type=product&#038;p=112"},"modified":"2022-12-08T10:20:46","modified_gmt":"2022-12-08T09:20:46","slug":"ksiaze-kardynal-adam-sapieha-1867-1951","status":"publish","type":"product","link":"https:\/\/mnzp.pl\/ksiegarnia\/index.php\/produkt\/ksiaze-kardynal-adam-sapieha-1867-1951\/","title":{"rendered":"Ksi\u0105\u017c\u0119 Kardyna\u0142 Adam Sapieha 1867-1951"},"content":{"rendered":"<p>Wydawnictwo przybli\u017ca posta\u0107 Ksi\u0119cia Niez\u0142omnego &#8211; Kardyna\u0142a Adama Stefana Sapiehy. Jest ono r\u00f3wnie\u017c katalogiem wystawy pod tytu\u0142em &#8222;Przywr\u00f3ci\u0107 Pami\u0119ci. 150. Rocznica Urodzin Ksi\u0119cia Kardyna\u0142a Adama Stefana Sapiehy 1867-1951&#8221; kt\u00f3ra prezentowana by\u0142a w Muzeum Narodowym Ziemi Przemyskiej od 13 maja do 2 lipca 2017 roku.<\/p>\n","protected":false},"excerpt":{"rendered":"<h2>Marynowski Marcin<\/h2>\n<p>Wydawnictwo przybli\u017ca posta\u0107 Ksi\u0119cia Niez\u0142omnego &#8211; Kardyna\u0142a Adama Stefana Sapiehy&#8230;<\/p>\n","protected":false},"featured_media":113,"comment_status":"open","ping_status":"closed","template":"","meta":[],"product_brand":[],"product_cat":[16],"product_tag":[64,137,65,108],"class_list":{"0":"post-112","1":"product","2":"type-product","3":"status-publish","4":"has-post-thumbnail","6":"product_cat-ksiazki","7":"product_tag-historia","8":"product_tag-kosciol","9":"product_tag-opracowania","10":"product_tag-wystawa-czasowa","12":"first","13":"instock","14":"shipping-taxable","15":"purchasable","16":"product-type-simple"},"_links":{"self":[{"href":"https:\/\/mnzp.pl\/ksiegarnia\/index.php\/wp-json\/wp\/v2\/product\/112","targetHints":{"allow":["GET"]}}],"collection":[{"href":"https:\/\/mnzp.pl\/ksiegarnia\/index.php\/wp-json\/wp\/v2\/product"}],"about":[{"href":"https:\/\/mnzp.pl\/ksiegarnia\/index.php\/wp-json\/wp\/v2\/types\/product"}],"replies":[{"embeddable":true,"href":"https:\/\/mnzp.pl\/ksiegarnia\/index.php\/wp-json\/wp\/v2\/comments?post=112"}],"wp:featuredmedia":[{"embeddable":true,"href":"https:\/\/mnzp.pl\/ksiegarnia\/index.php\/wp-json\/wp\/v2\/media\/113"}],"wp:attachment":[{"href":"https:\/\/mnzp.pl\/ksiegarnia\/index.php\/wp-json\/wp\/v2\/media?parent=112"}],"wp:term":[{"taxonomy":"product_brand","embeddable":true,"href":"https:\/\/mnzp.pl\/ksiegarnia\/index.php\/wp-json\/wp\/v2\/product_brand?post=112"},{"taxonomy":"product_cat","embeddable":true,"href":"https:\/\/mnzp.pl\/ksiegarnia\/index.php\/wp-json\/wp\/v2\/product_cat?post=112"},{"taxonomy":"product_tag","embeddable":true,"href":"https:\/\/mnzp.pl\/ksiegarnia\/index.php\/wp-json\/wp\/v2\/product_tag?post=112"}],"curies":[{"name":"wp","href":"https:\/\/api.w.org\/{rel}","templated":true}]}}