{"id":110,"date":"2021-10-27T14:55:42","date_gmt":"2021-10-27T12:55:42","guid":{"rendered":"https:\/\/serwer1670446.home.pl\/mnzp\/ksiegarnia\/?post_type=product&#038;p=110"},"modified":"2022-12-08T10:13:32","modified_gmt":"2022-12-08T09:13:32","slug":"na-artystycznej-drodze-jan-ekiert-1907-1993-artysta-malarz","status":"publish","type":"product","link":"https:\/\/mnzp.pl\/ksiegarnia\/index.php\/produkt\/na-artystycznej-drodze-jan-ekiert-1907-1993-artysta-malarz\/","title":{"rendered":"Na artystycznej drodze. Jan Ekiert (1907-1993). Artysta &#8211; Malarz."},"content":{"rendered":"<p>Wydawnictwo opisuje \u017cycie i tw\u00f3rczo\u015b\u0107 mieszkaj\u0105cego we Francji lecz pochodz\u0105cego z Podkarpacia artysty malarza Jana Ekierta.<\/p>\n","protected":false},"excerpt":{"rendered":"<p>Wydawnictwo opisuje \u017cycie i tw\u00f3rczo\u015b\u0107 mieszkaj\u0105cego we Francji lecz pochodz\u0105cego z Podkarpacia artysty malarza Jana Ekierta.<\/p>\n","protected":false},"featured_media":111,"comment_status":"open","ping_status":"closed","template":"","meta":[],"product_brand":[],"product_cat":[16],"product_tag":[107,90,93],"class_list":{"0":"post-110","1":"product","2":"type-product","3":"status-publish","4":"has-post-thumbnail","6":"product_cat-ksiazki","7":"product_tag-kolekcje","8":"product_tag-malarstwo","9":"product_tag-sztuka","11":"first","12":"instock","13":"shipping-taxable","14":"purchasable","15":"product-type-simple"},"_links":{"self":[{"href":"https:\/\/mnzp.pl\/ksiegarnia\/index.php\/wp-json\/wp\/v2\/product\/110","targetHints":{"allow":["GET"]}}],"collection":[{"href":"https:\/\/mnzp.pl\/ksiegarnia\/index.php\/wp-json\/wp\/v2\/product"}],"about":[{"href":"https:\/\/mnzp.pl\/ksiegarnia\/index.php\/wp-json\/wp\/v2\/types\/product"}],"replies":[{"embeddable":true,"href":"https:\/\/mnzp.pl\/ksiegarnia\/index.php\/wp-json\/wp\/v2\/comments?post=110"}],"wp:featuredmedia":[{"embeddable":true,"href":"https:\/\/mnzp.pl\/ksiegarnia\/index.php\/wp-json\/wp\/v2\/media\/111"}],"wp:attachment":[{"href":"https:\/\/mnzp.pl\/ksiegarnia\/index.php\/wp-json\/wp\/v2\/media?parent=110"}],"wp:term":[{"taxonomy":"product_brand","embeddable":true,"href":"https:\/\/mnzp.pl\/ksiegarnia\/index.php\/wp-json\/wp\/v2\/product_brand?post=110"},{"taxonomy":"product_cat","embeddable":true,"href":"https:\/\/mnzp.pl\/ksiegarnia\/index.php\/wp-json\/wp\/v2\/product_cat?post=110"},{"taxonomy":"product_tag","embeddable":true,"href":"https:\/\/mnzp.pl\/ksiegarnia\/index.php\/wp-json\/wp\/v2\/product_tag?post=110"}],"curies":[{"name":"wp","href":"https:\/\/api.w.org\/{rel}","templated":true}]}}