{"id":1064,"date":"2024-05-22T15:01:45","date_gmt":"2024-05-22T13:01:45","guid":{"rendered":"https:\/\/mnzp.pl\/ksiegarnia\/?post_type=product&#038;p=1064"},"modified":"2024-05-22T15:01:45","modified_gmt":"2024-05-22T13:01:45","slug":"29-ogolnopolski-przeglad-plakatu-muzealnego-i-ochrony-zabytkow","status":"publish","type":"product","link":"https:\/\/mnzp.pl\/ksiegarnia\/index.php\/produkt\/29-ogolnopolski-przeglad-plakatu-muzealnego-i-ochrony-zabytkow\/","title":{"rendered":"29 Og\u00f3lnopolski Przegl\u0105d Plakatu Muzealnego i Ochrony Zabytk\u00f3w"},"content":{"rendered":"<p>Publikacja jest katalogiem wystawy pokonkursowej 29 Og\u00f3lnopolskiego Przegl\u0105du Plakatu Muzealnego i Ochrony Zabytk\u00f3w prezentowanej w Muzeum Narodowym Ziemi Przemyskiej od marca do maja 2024 roku. Prezentuje ona 169 plakat\u00f3w oraz dwie prace malarskie.<\/p>\n<p>ze wst\u0119pu:<\/p>\n<blockquote><p>Marzec 2024 roku by\u0142 wyj\u0105tkowym miesi\u0105cem dla sztuki plakatu w Muzeum Narodowym Ziemi Przemyskiej. Od dnia 1 marca prezentowana by\u0142a wystawa pokonkursowa 29. Og\u00f3lnopolskiego Przegl\u0105du Plakatu Muzealnego i Ochrony Zabytk\u00f3w, po\u0142\u0105czona z prezentacj\u0105 prac Juror\u00f3w 29. edycji Przegl\u0105du &#8211; Lecha Majewskiego, Moniki Starowicz, Justyny Czerniakowskiej i Marka Mikruta.<\/p>\n<p>Plakat polski jest od dawna wysoko ceniony w sztuce graficznej \u015bwiata. Posiada w\u0142asny, odr\u0119bny styl, nie poddaj\u0105cy si\u0119 schematom. Ta cecha widoczna jest tak\u017ce (cho\u0107 nie zawsze) w przypadku nades\u0142anych plakat\u00f3w. w 29. edycji Przegl\u0105du Plakatu Muzealnego i Ochrony Zabytk\u00f3w udzia\u0142 wzi\u0119\u0142o 45 muze\u00f3w z ca\u0142ej Polski, \u0142\u0105cznie nap\u0142yn\u0119\u0142o 246 prac, b\u0119d\u0105cych udokumentowaniem dzia\u0142alno\u015bci artystycznej tych instytucji. Zbi\u00f3r plakatu przemyskiego Muzeum, sukcesywnie tworzony od 1969 roku, powi\u0119kszy\u0142 si\u0119 o kolejne prace. Bior\u0105c pod uwag\u0119 ilo\u015b\u0107 zarejestrowanych muze\u00f3w w Polsce, nie jest to du\u017co. Nie zniech\u0119camy si\u0119 i jako organizatorzy nadal b\u0119dziemy zach\u0119ca\u0107 do udzia\u0142u w konkursie.<\/p><\/blockquote>\n","protected":false},"excerpt":{"rendered":"<h2>Iwona Bobko<\/h2>\n<p>Publikacja jest katalogiem wystawy pokonkursowej 29 Og\u00f3lnopolskiego Przegl\u0105du Plakatu Muzealnego i Ochrony Zabytk\u00f3w prezentowanej w Muzeum Narodowym Ziemi Przemyskiej od marca do maja 2024 roku. Prezentuje ona 169 plakat\u00f3w oraz dwie prace malarskie.<\/p>\n","protected":false},"featured_media":1065,"comment_status":"open","ping_status":"closed","template":"","meta":[],"product_brand":[],"product_cat":[16],"product_tag":[],"class_list":{"0":"post-1064","1":"product","2":"type-product","3":"status-publish","4":"has-post-thumbnail","6":"product_cat-ksiazki","8":"first","9":"instock","10":"shipping-taxable","11":"purchasable","12":"product-type-simple"},"_links":{"self":[{"href":"https:\/\/mnzp.pl\/ksiegarnia\/index.php\/wp-json\/wp\/v2\/product\/1064","targetHints":{"allow":["GET"]}}],"collection":[{"href":"https:\/\/mnzp.pl\/ksiegarnia\/index.php\/wp-json\/wp\/v2\/product"}],"about":[{"href":"https:\/\/mnzp.pl\/ksiegarnia\/index.php\/wp-json\/wp\/v2\/types\/product"}],"replies":[{"embeddable":true,"href":"https:\/\/mnzp.pl\/ksiegarnia\/index.php\/wp-json\/wp\/v2\/comments?post=1064"}],"wp:featuredmedia":[{"embeddable":true,"href":"https:\/\/mnzp.pl\/ksiegarnia\/index.php\/wp-json\/wp\/v2\/media\/1065"}],"wp:attachment":[{"href":"https:\/\/mnzp.pl\/ksiegarnia\/index.php\/wp-json\/wp\/v2\/media?parent=1064"}],"wp:term":[{"taxonomy":"product_brand","embeddable":true,"href":"https:\/\/mnzp.pl\/ksiegarnia\/index.php\/wp-json\/wp\/v2\/product_brand?post=1064"},{"taxonomy":"product_cat","embeddable":true,"href":"https:\/\/mnzp.pl\/ksiegarnia\/index.php\/wp-json\/wp\/v2\/product_cat?post=1064"},{"taxonomy":"product_tag","embeddable":true,"href":"https:\/\/mnzp.pl\/ksiegarnia\/index.php\/wp-json\/wp\/v2\/product_tag?post=1064"}],"curies":[{"name":"wp","href":"https:\/\/api.w.org\/{rel}","templated":true}]}}