{"id":106,"date":"2021-10-27T14:49:34","date_gmt":"2021-10-27T12:49:34","guid":{"rendered":"https:\/\/serwer1670446.home.pl\/mnzp\/ksiegarnia\/?post_type=product&#038;p=106"},"modified":"2023-09-15T11:03:22","modified_gmt":"2023-09-15T09:03:22","slug":"xxv-ogolnopolski-przeglad-plakatu-muzealnego-i-ochrony-zabytkow","status":"publish","type":"product","link":"https:\/\/mnzp.pl\/ksiegarnia\/index.php\/produkt\/xxv-ogolnopolski-przeglad-plakatu-muzealnego-i-ochrony-zabytkow\/","title":{"rendered":"XXV Og\u00f3lnopolski Przegl\u0105d Plakatu Muzealnego i Ochrony Zabytk\u00f3w"},"content":{"rendered":"<p>Wydawnictwo przedstawia plakaty nagrodzone w wyniku prac jury XXV Og\u00f3lnopolskiego Przegl\u0105du Plakatu Muzealnego i Ochrony Zabytk\u00f3w obejmuj\u0105cego lata 2003 \u2013 2006.<\/p>\n<p>Dodatkowo zaprezentowano w syntetycznym uj\u0119ciu prace nagrodzone w latach wcze\u015bniejszych obejmuj\u0105cych poprzednie 24 edycje Przegl\u0105du oraz przedwojenne plakaty ze zbior\u00f3w Muzeum.<\/p>\n","protected":false},"excerpt":{"rendered":"<h2>Olbromska Urszula, Sieradzka Anna<\/h2>\n<p>Wydawnictwo przedstawia plakaty nagrodzone w wyniku prac jury XXV Og\u00f3lnopolskiego Przegl\u0105du Plakatu Muzealnego i Ochrony Zabytk\u00f3w obejmuj\u0105cego lata 2003 \u2013 2006&#8230;<\/p>\n","protected":false},"featured_media":107,"comment_status":"open","ping_status":"closed","template":"","meta":[],"product_brand":[],"product_cat":[16],"product_tag":[63,132,97,108],"class_list":{"0":"post-106","1":"product","2":"type-product","3":"status-publish","4":"has-post-thumbnail","6":"product_cat-ksiazki","7":"product_tag-katalog","8":"product_tag-konkurs-plakatu-muzealnego","9":"product_tag-plakat","10":"product_tag-wystawa-czasowa","12":"first","13":"outofstock","14":"shipping-taxable","15":"purchasable","16":"product-type-simple"},"_links":{"self":[{"href":"https:\/\/mnzp.pl\/ksiegarnia\/index.php\/wp-json\/wp\/v2\/product\/106","targetHints":{"allow":["GET"]}}],"collection":[{"href":"https:\/\/mnzp.pl\/ksiegarnia\/index.php\/wp-json\/wp\/v2\/product"}],"about":[{"href":"https:\/\/mnzp.pl\/ksiegarnia\/index.php\/wp-json\/wp\/v2\/types\/product"}],"replies":[{"embeddable":true,"href":"https:\/\/mnzp.pl\/ksiegarnia\/index.php\/wp-json\/wp\/v2\/comments?post=106"}],"wp:featuredmedia":[{"embeddable":true,"href":"https:\/\/mnzp.pl\/ksiegarnia\/index.php\/wp-json\/wp\/v2\/media\/107"}],"wp:attachment":[{"href":"https:\/\/mnzp.pl\/ksiegarnia\/index.php\/wp-json\/wp\/v2\/media?parent=106"}],"wp:term":[{"taxonomy":"product_brand","embeddable":true,"href":"https:\/\/mnzp.pl\/ksiegarnia\/index.php\/wp-json\/wp\/v2\/product_brand?post=106"},{"taxonomy":"product_cat","embeddable":true,"href":"https:\/\/mnzp.pl\/ksiegarnia\/index.php\/wp-json\/wp\/v2\/product_cat?post=106"},{"taxonomy":"product_tag","embeddable":true,"href":"https:\/\/mnzp.pl\/ksiegarnia\/index.php\/wp-json\/wp\/v2\/product_tag?post=106"}],"curies":[{"name":"wp","href":"https:\/\/api.w.org\/{rel}","templated":true}]}}