{"id":104,"date":"2021-10-27T14:44:14","date_gmt":"2021-10-27T12:44:14","guid":{"rendered":"https:\/\/serwer1670446.home.pl\/mnzp\/ksiegarnia\/?post_type=product&#038;p=104"},"modified":"2022-12-08T10:05:27","modified_gmt":"2022-12-08T09:05:27","slug":"tajemnice-placu-berka-joselewicza-w-przemyslu","status":"publish","type":"product","link":"https:\/\/mnzp.pl\/ksiegarnia\/index.php\/produkt\/tajemnice-placu-berka-joselewicza-w-przemyslu\/","title":{"rendered":"Tajemnice Placu Berka Joselewicza w Przemy\u015blu"},"content":{"rendered":"<p>Wydawnictwo opisuje rezultaty trwaj\u0105cych ponad p\u00f3\u0142 roku prac archeologicznych, poprzedzaj\u0105cych budow\u0119 nowego gmachu muzealnego przy placu Berka Joselewicza w Przemy\u015blu. W trakcie bada\u0144 wykopaliskowych dokonano rozpoznania wczesno\u015bredniowiecznego osadnictwa oraz zabudowy historycznej tzw. \u201e\u017cydowskiego miasta\u201d. Autorzy prezentuj\u0105 wyniki prac archeologicznych, opatruj\u0105c je komentarzem historycznym. Dodatkowym atutem wydawnictwa jest obszerny katalog, ilustruj\u0105cy pozyskane w trakcie wykopalisk zabytki archeologiczne.<\/p>\n","protected":false},"excerpt":{"rendered":"<h2>Koperski Andrzej, Rejniewicz \u0141ukasz<\/h2>\n<p>Wydawnictwo opisuje rezultaty trwaj\u0105cych ponad p\u00f3\u0142 roku prac archeologicznych, poprzedzaj\u0105cych budow\u0119 nowego gmachu muzealnego przy placu Berka Joselewicza w Przemy\u015blu&#8230;<\/p>\n","protected":false},"featured_media":105,"comment_status":"open","ping_status":"closed","template":"","meta":[],"product_brand":[],"product_cat":[16],"product_tag":[122,63,108],"class_list":{"0":"post-104","1":"product","2":"type-product","3":"status-publish","4":"has-post-thumbnail","6":"product_cat-ksiazki","7":"product_tag-archeologia","8":"product_tag-katalog","9":"product_tag-wystawa-czasowa","11":"first","12":"instock","13":"shipping-taxable","14":"purchasable","15":"product-type-simple"},"_links":{"self":[{"href":"https:\/\/mnzp.pl\/ksiegarnia\/index.php\/wp-json\/wp\/v2\/product\/104","targetHints":{"allow":["GET"]}}],"collection":[{"href":"https:\/\/mnzp.pl\/ksiegarnia\/index.php\/wp-json\/wp\/v2\/product"}],"about":[{"href":"https:\/\/mnzp.pl\/ksiegarnia\/index.php\/wp-json\/wp\/v2\/types\/product"}],"replies":[{"embeddable":true,"href":"https:\/\/mnzp.pl\/ksiegarnia\/index.php\/wp-json\/wp\/v2\/comments?post=104"}],"wp:featuredmedia":[{"embeddable":true,"href":"https:\/\/mnzp.pl\/ksiegarnia\/index.php\/wp-json\/wp\/v2\/media\/105"}],"wp:attachment":[{"href":"https:\/\/mnzp.pl\/ksiegarnia\/index.php\/wp-json\/wp\/v2\/media?parent=104"}],"wp:term":[{"taxonomy":"product_brand","embeddable":true,"href":"https:\/\/mnzp.pl\/ksiegarnia\/index.php\/wp-json\/wp\/v2\/product_brand?post=104"},{"taxonomy":"product_cat","embeddable":true,"href":"https:\/\/mnzp.pl\/ksiegarnia\/index.php\/wp-json\/wp\/v2\/product_cat?post=104"},{"taxonomy":"product_tag","embeddable":true,"href":"https:\/\/mnzp.pl\/ksiegarnia\/index.php\/wp-json\/wp\/v2\/product_tag?post=104"}],"curies":[{"name":"wp","href":"https:\/\/api.w.org\/{rel}","templated":true}]}}