{"id":33,"date":"2021-10-26T10:40:13","date_gmt":"2021-10-26T08:40:13","guid":{"rendered":"https:\/\/serwer1670446.home.pl\/mnzp\/ksiegarnia\/?page_id=33"},"modified":"2022-05-26T11:45:58","modified_gmt":"2022-05-26T09:45:58","slug":"regulamin-sklepu","status":"publish","type":"page","link":"https:\/\/mnzp.pl\/ksiegarnia\/index.php\/regulamin-sklepu\/","title":{"rendered":"Regulamin sklepu"},"content":{"rendered":"\n<h3 class=\"wp-block-heading\">S\u0141OWNICZEK<\/h3>\n\n\n\n<p>Sklep internetowy MNZP \u2013 sklep dzia\u0142aj\u0105cy pod adresem <a href=\"https:\/\/mnzp.pl\/ksiegarnia\/\">https:\/\/mnzp.pl\/ksiegarnia\/<\/a> sprzedaj\u0105cy produkty znajduj\u0105ce si\u0119 w jego ofercie za po\u015brednictwem Internetu;<\/p>\n\n\n\n<p>Klient &#8211; osoba fizyczna lub prawna dokonuj\u0105ca zakup\u00f3w w Sklepie internetowym MNZP;<\/p>\n\n\n\n<p>Dni robocze \u2013 wszystkie dni tygodnia od poniedzia\u0142ku do pi\u0105tku, z wy\u0142\u0105czeniem dni ustawowo wolnych od pracy;<\/p>\n\n\n\n<p>Czas realizacji zam\u00f3wienia \u2013 czas, w jakim Sklep Internetowy MNZP skompletuje zam\u00f3wienie i przeka\u017ce do wys\u0142ania z magazynu za po\u015brednictwem kuriera, na adres wskazany przez Klienta;<\/p>\n\n\n\n<p>Baza Sklepu Internetowego \u2013 baza zawieraj\u0105ca dane na temat przeprowadzanych transakcji oraz towar\u00f3w, kt\u00f3re s\u0105 oferowane w Sklepie Internetowym https:\/\/mnzp.pl\/ksiegarnia\/. W bazie przechowywane s\u0105 r\u00f3wnie\u017c dane na temat Klient\u00f3w korzystaj\u0105cych ze Sklepu internetowego MNZP s\u0142u\u017c\u0105ce do realizacji sk\u0142adanych przez nich zam\u00f3wie\u0144;<\/p>\n\n\n\n<p>Koszyk \u2013 element Sklepu Internetowego<a href=\"https:\/\/mnzp.pl\/ksiegarnia\/\"><\/a> za pomoc\u0105 kt\u00f3rego Klient precyzuje szczeg\u00f3\u0142y zam\u00f3wienia takie jak: ilo\u015b\u0107 produkt\u00f3w, adres dostawy, dane do faktury, spos\u00f3b dostawy, spos\u00f3b p\u0142atno\u015bci, itp. &nbsp;<\/p>\n\n\n\n<h3 class=\"wp-block-heading\">INFORMACJE OG\u00d3LNE<\/h3>\n\n\n\n<p>Sprzeda\u017c wysy\u0142kowa w sklepie internetowym MNZP dzia\u0142aj\u0105cym pod adresem <a href=\"https:\/\/mnzp.pl\/ksiegarnia\/\">https:\/\/mnzp.pl\/ksiegarnia\/<\/a> &nbsp;prowadzona jest przez &nbsp;Muzeum Narodowe Ziemi Przemyskiej w Przemy\u015blu.<\/p>\n\n\n\n<h3 class=\"wp-block-heading\">1. ZAM\u00d3WIENIA<\/h3>\n\n\n\n<p>1.1. &nbsp;Sklep internetowy Muzeum Narodowego Ziemi Przemyskiej w Przemy\u015blu &nbsp;przyjmuje zam\u00f3wienia za po\u015brednictwem:<\/p>\n\n\n\n<ul class=\"wp-block-list\"><li>strony \u00a0<a href=\"https:\/\/mnzp.pl\/ksiegarnia\/\">https:\/\/mnzp.pl\/ksiegarnia\/<\/a><\/li><li>telefonicznie: pod numerem 16\u00a0679 30 35 lub 606\u00a0347 902 ( od wtorku do soboty w godzinach 9.00 \u2013 15.30).<\/li><li>mailowo: \u00a0<a href=\"mailto:ksiegarnia@mnzp.pl\">ksiegarnia@mnzp.pl<\/a><\/li><\/ul>\n\n\n\n<p>Po z\u0142o\u017ceniu zam\u00f3wienia przez Internet Klient dostaje e-mailem informacj\u0119 o jego otrzymaniu przez sklep. Zam\u00f3wienia telefoniczne i pocztowe nie s\u0105 dodatkowo potwierdzane.<\/p>\n\n\n\n<h3 class=\"wp-block-heading\">2. WARUNKI REALIZACJI ZAM\u00d3WIENIA<\/h3>\n\n\n\n<p>2.1. Klient mo\u017ce sk\u0142ada\u0107 zam\u00f3wienia przez 24 (dwadzie\u015bcia cztery) godziny na dob\u0119 za po\u015brednictwem strony internetowej <a href=\"https:\/\/mnzp.pl\/ksiegarnia\/\">https:\/\/mnzp.pl\/ksiegarnia\/<\/a>. Klient po zarejestrowaniu si\u0119 i zalogowaniu, sk\u0142ada zam\u00f3wienie, wskazuj\u0105c na produkt, kt\u00f3rym jest zainteresowany, za pomoc\u0105 opcji \u201eDODAJ DO KOSZYKA\u201d, a nast\u0119pnie w Koszyku wskazuje spos\u00f3b odbioru i p\u0142atno\u015bci za zam\u00f3wienie.<\/p>\n\n\n\n<p>2.2. Zam\u00f3wienie zostanie dostarczone do Klienta na adres wskazany przez Klienta w zam\u00f3wieniu.<\/p>\n\n\n\n<p>2.3. Zam\u00f3wienie zostanie zrealizowane pod warunkiem dost\u0119pno\u015bci towaru w magazynie. W przypadku niedost\u0119pno\u015bci ca\u0142o\u015bci zam\u00f3wienia lub cz\u0119\u015bci towar\u00f3w obj\u0119tych zam\u00f3wieniem Klient jest informowany o stanie zam\u00f3wienia i podejmuje decyzj\u0119 o sposobie jego realizacji (cz\u0119\u015bciowa realizacja, wyd\u0142u\u017cenie czasu oczekiwania, anulowanie ca\u0142o\u015bci zam\u00f3wienia).<\/p>\n\n\n\n<p>2.4. Ka\u017cdorazowo do sprzeda\u017cy promocyjnej oraz wyprzeda\u017cy przeznaczona jest ograniczona liczba towar\u00f3w i realizacja zam\u00f3wie\u0144 nast\u0119puje wed\u0142ug kolejno\u015bci wp\u0142ywania, a\u017c do wyczerpania zapas\u00f3w. 2.5. Do ka\u017cdego zam\u00f3wienia wystawiany jest dokument sprzeda\u017cy (paragon, faktura). Dokument sprzeda\u017cy wystawiany jest w chwili, gdy wszystkie zam\u00f3wione przez Klienta towary s\u0105 skompletowane i gotowe do wysy\u0142ki.<\/p>\n\n\n\n<h3 class=\"wp-block-heading\">3. ZMIANY W ZAM\u00d3WIENIU<\/h3>\n\n\n\n<p>3.1 Klient mo\u017ce wprowadzi\u0107 zmiany do momentu wystawienia dokumentu sprzeda\u017cy &nbsp;Klient nie mo\u017ce anulowa\u0107 zam\u00f3wienia, kt\u00f3re ju\u017c zosta\u0142o wys\u0142ane.<\/p>\n\n\n\n<p>3.2 Zmiany mog\u0105 dotyczy\u0107: rezygnacji z ca\u0142o\u015bci zam\u00f3wienia, b\u0105d\u017a jego cz\u0119\u015bci, a tak\u017ce zmiany w adresie dostawy zam\u00f3wienia poczt\u0105 lub za po\u015brednictwem kuriera, b\u0105d\u017a te\u017c zmiany danych na fakturze. W przypadku rezygnacji z zam\u00f3wienia, je\u017celi zap\u0142ata za towar zosta\u0142a dokonana z g\u00f3ry, zwrot nale\u017cno\u015bci nast\u0105pi w terminie 14 (czterna\u015bcie) dni roboczych od dnia otrzymania rezygnacji Klienta, na konto Klienta, z kt\u00f3rego p\u0142atno\u015b\u0107 zosta\u0142a dokonana. Je\u017celi Klient nie posiada w\u0142asnego konta bankowego nale\u017cno\u015b\u0107 zostanie zwr\u00f3cona przekazem pocztowym na adres przez niego wskazany.<\/p>\n\n\n\n<h3 class=\"wp-block-heading\">4. FORMY P\u0141ATNO\u015aCI I ROZPOCZ\u0118CIE REALIZACJI ZAM\u00d3WIENIA<\/h3>\n\n\n\n<p>4.1. Zap\u0142aty za towar, kt\u00f3ry ma by\u0107 dostarczony na terenie Polski mo\u017cna dokona\u0107 przelewem&nbsp; bankowym, a realizacja zam\u00f3wienia zostanie rozpocz\u0119ta, po otrzymaniu przez Sklep Internetowy &nbsp;&nbsp;potwierdzenia poprawnego wykonania p\u0142atno\u015bci przez podmiot realizuj\u0105cy t\u0119 transakcj\u0119. &nbsp;<\/p>\n\n\n\n<p>4.2. Realizacja zam\u00f3wienia nast\u0119puje w ci\u0105gu 5 dni roboczych od poprawnego wykonania p\u0142atno\u015bci przez podmiot realizuj\u0105cy t\u0119 transakcj\u0119. Wszystkie bankowe koszty transakcji ponosi Kupuj\u0105cy.<\/p>\n\n\n\n<p>4.3. Od wybranego sposobu dostarczenia przesy\u0142ki i formy p\u0142atno\u015bci zale\u017cy czas realizacji zam\u00f3wienia.<\/p>\n\n\n\n<h3 class=\"wp-block-heading\">5. CZAS REALIZACJI ZAM\u00d3WIE\u0143<\/h3>\n\n\n\n<p>5.1. Czas realizacji zam\u00f3wienia jest to czas, kt\u00f3ry up\u0142ywa od z\u0142o\u017cenia zam\u00f3wienia do chwili wys\u0142ania zam\u00f3wionych towar\u00f3w, przy czym uwzgl\u0119dniane s\u0105 tu tylko dni robocze. Standardowy czas realizacji wynosi 5 dni roboczych. Zam\u00f3wienie na towary o r\u00f3\u017cnym czasie realizacji wysy\u0142ane jest po skompletowaniu ca\u0142o\u015bci, w takiej sytuacji czas realizacji liczony jest od daty skompletowania.<\/p>\n\n\n\n<p>5.2. Termin otrzymania przesy\u0142ki = czas realizacji + czas dostawy.<\/p>\n\n\n\n<p>5.3. Zam\u00f3wienie na terenie Polski mo\u017ce by\u0107 dostarczone za po\u015brednictwem Firmy Kurierskiej In Post pod wskazany w formularzu zam\u00f3wieniowym adres pocztowy.<\/p>\n\n\n\n<h3 class=\"wp-block-heading\">6. DOSTAWA<\/h3>\n\n\n\n<p>6.1. Przesy\u0142ki dostarcza firma kurierska In Post &#8211; przesy\u0142ka kurierska nieawizowana. &nbsp;<\/p>\n\n\n\n<p>6.2. &nbsp;W przypadku przesy\u0142ek dostarczanych przez firm\u0119 kuriersk\u0105 czas oczekiwania na przesy\u0142k\u0119 wynosi 48 godzin. Kurier dostarcza przesy\u0142ki wy\u0142\u0105cznie w godzinach 9:00 &#8211; 17:00. Za zastrze\u017cenie godziny dostawy przez Klienta pobierana jest dodatkowa nale\u017cno\u015b\u0107.<\/p>\n\n\n\n<p>6.3. &nbsp;Sklep Internetowy nie ponosi odpowiedzialno\u015bci za niedostarczenie towaru lub op\u00f3\u017anienie w dostarczeniu zam\u00f3wionego towaru lub realizacji zam\u00f3wienia, wynikaj\u0105ce z b\u0142\u0119dnie podanego przez Klienta lub niedok\u0142adnego adresu dostawy.<\/p>\n\n\n\n<p>6.5. Sklep Internetowy nie ponosi odpowiedzialno\u015bci za wyd\u0142u\u017cony czas dostawy, z uwagi na okoliczno\u015bci, kt\u00f3re nie s\u0105 od niego zale\u017cne.<\/p>\n\n\n\n<h3 class=\"wp-block-heading\">7. PRAWO ODST\u0104PIENIA OD UMOWY<\/h3>\n\n\n\n<p>7.1. Zgodnie z Ustaw\u0105 z 2 marca 2000 roku &#8222;O ochronie niekt\u00f3rych praw konsument\u00f3w oraz o odpowiedzialno\u015bci za szkod\u0119 wyrz\u0105dzona przez produkt niebezpieczny&#8221; klient mo\u017ce zrezygnowa\u0107 z towaru kupionego poprzez Sklep Internetowy MNZP bez podania przyczyny w ci\u0105gu 10 dni roboczych, od daty odebrania przesy\u0142ki<\/p>\n\n\n\n<p>7.2. Odst\u0105pienie od umowy jest mo\u017cliwe tylko w\u00f3wczas, gdy towar nie by\u0142 u\u017cywany, kopiowany ani nie zosta\u0142 w \u017caden spos\u00f3b zniszczony. Towary zafoliowane musz\u0105 by\u0107 zwracane w oryginalnym, nienaruszonym opakowaniu.<\/p>\n\n\n\n<p>7.3. Zwracany towar nale\u017cy odsy\u0142a\u0107 razem z dokumentem sprzeda\u017cy otrzymanym wraz z nim. Sklep Internetowy MNZP gwarantuje zwrot kwoty r\u00f3wnej cenie towaru. Pieni\u0105dze zostan\u0105 zwr\u00f3cone w ci\u0105gu 21 dni roboczych od otrzymania zwrotu, przelewem bankowym na konto wskazane przez Klienta lub przekazem pocztowym pod adresem wskazanym w zam\u00f3wieniu. Koszt odes\u0142ania towaru nie podlega zwrotowi.<\/p>\n\n\n\n<h3 class=\"wp-block-heading\">8. WARUNKI REKLAMACJI<\/h3>\n\n\n\n<p>8.1. Je\u017celi po otrzymaniu towaru Klient znajdzie w nim wady techniczne, powinien odes\u0142a\u0107 go przesy\u0142k\u0105 pocztow\u0105 nie p\u00f3\u017aniej ni\u017c w ci\u0105gu 21 dni od daty otrzymania, pod adresem: Muzeum Narodowe Ziemi Przemyskiej, Ksi\u0119garnia, Pl. Berka Joselewicza 1, 37-700 Przemy\u015bl.<\/p>\n\n\n\n<p>8.2. Koszty zwi\u0105zane z odes\u0142aniem towaru reklamowanego ponosi Klient.<\/p>\n\n\n\n<p>8.3. Do odsy\u0142anego towaru nale\u017cy do\u0142\u0105czy\u0107 dokument sprzeda\u017cy oraz pisemne uzasadnienie reklamacji zatytu\u0142owane &#8222;Reklamacja towaru zakupionego w Muzeum Narodowym Ziemi Przemyskiej w Przemy\u015blu<\/p>\n\n\n\n<p>8.4. Wszelkie reklamacje rozpatrywane s\u0105 najp\u00f3\u017aniej w ci\u0105gu 14 dni roboczych od ich wp\u0142yni\u0119cia.<\/p>\n\n\n\n<p>8.5. Towar z wad\u0105 techniczn\u0105 zostanie wymieniony na inny, pe\u0142nowarto\u015bciowy, a je\u015bli b\u0119dzie to ju\u017c niemo\u017cliwe (na przyk\u0142ad z powodu wyczerpania nak\u0142adu), sklep &nbsp;zwr\u00f3ci nabywcy r\u00f3wnowarto\u015b\u0107 ceny produktu lub zaoferuje mu inne, dost\u0119pne w sklepie towary do wyboru.<\/p>\n\n\n\n<h3 class=\"wp-block-heading\">9. CENY<\/h3>\n\n\n\n<p>9.1. Wszystkie ceny zamieszczone przy oferowanym towarze:<\/p>\n\n\n\n<p>a) podawane s\u0105 w z\u0142otych polskich i zawieraj\u0105 podatek VAT,<\/p>\n\n\n\n<p>b) nie zawieraj\u0105 informacji na temat koszt\u00f3w dostawy, kt\u00f3re s\u0105 podane osobno.<\/p>\n\n\n\n<p>9.2. Cen\u0105 wi\u0105\u017c\u0105c\u0105 i ostateczn\u0105 jest cena podana przy towarze w chwili sk\u0142adania zam\u00f3wienia przez Klienta.<\/p>\n\n\n\n<p>9.3. Informacja na temat ca\u0142kowitej warto\u015bci zam\u00f3wienia przedstawiana jest, po dokonaniu przez Klienta wyboru formy dostawy zam\u00f3wienia i formy p\u0142atno\u015bci.<\/p>\n\n\n\n<p>9.4. Sklep internetowy zastrzega sobie prawo do:<\/p>\n\n\n\n<p>a) dokonania na bie\u017c\u0105co zmian w cenach towar\u00f3w znajduj\u0105cych si\u0119 w ofercie<\/p>\n\n\n\n<p>b) przeprowadzania i odwo\u0142ywania wszelkiego rodzaju akcji promocyjnych oraz wyprzeda\u017cy<\/p>\n\n\n\n<p>9.5. Uprawnienie, o kt\u00f3rym mowa w pkt. &nbsp;9.4 a i b nie ma wp\u0142ywu na zam\u00f3wienia z\u0142o\u017cone przed dat\u0105 wej\u015bcia w \u017cycie zmiany ceny, warunk\u00f3w akcji promocyjnych i b\u0119d\u0105 one realizowane na zasadach dotychczasowych<\/p>\n\n\n\n<p>9.6. Promocje w Sklepie internetowym nie podlegaj\u0105 \u0142\u0105czeniu, o ile regulamin danej promocji nie stanowi inaczej.<\/p>\n\n\n\n<h3 class=\"wp-block-heading\">10. DANE OSOBOWE<\/h3>\n\n\n\n<p>10.1. Rejestruj\u0105c si\u0119 w Sklepie Internetowym. Klient wyra\u017ca zgod\u0119 na przetwarzanie danych osobowych zwi\u0105zanych z realizacja zam\u00f3wie\u0144 dokonywanych w Sklepie Internetowym. Brak zgody na przetwarzanie danych osobowych uniemo\u017cliwia zrealizowanie zam\u00f3wienia Klienta. Klient ponosi odpowiedzialno\u015b\u0107 za podanie nieprawdziwych danych osobowych.<\/p>\n\n\n\n<p>10.2. Sklep internetowy gwarantuje Klientom ochron\u0119 danych osobowych. Dane Zamawiaj\u0105cych wykorzystywane s\u0105 wy\u0142\u0105cznie do realizacji zam\u00f3wie\u0144 i prowadzenia statystyk sprzeda\u017cy.<\/p>\n\n\n\n<p>10.3. Dane osobowe s\u0105 chronione i przechowywane w spos\u00f3b uniemo\u017cliwiaj\u0105cy dost\u0119p osobom trzecim zgodnie z ustaw\u0105 z dnia 29 sierpnia 1997 r. o ochronie danych osobowych (Dz. U. z 2002 r., Nr 101, poz. 926).<\/p>\n\n\n\n<p>10.4. Zgodnie z art. 24 ust.1 pkt 4 ustawy o ochronie danych osobowych, podanie danych jest dobrowolne.<\/p>\n\n\n\n<p>10.5. Zgodne z ww. ustaw\u0105, Klienci Sklepu internetowego maj\u0105 prawo do wgl\u0105du do swoich danych osobowych, ich poprawiania oraz \u017c\u0105dania usuni\u0119cia.&nbsp;<\/p>\n\n\n\n<h3 class=\"wp-block-heading\">11. POSTANOWIENIA KO\u0143COWE<\/h3>\n\n\n\n<p>11.1. Towary prezentowane na stronach Sklepu Internetowego nie stanowi\u0105 oferty w my\u015bl Kodeksu Cywilnego.<\/p>\n\n\n\n<p>11.2. Sklep Internetowy dok\u0142ada nale\u017cytej staranno\u015bci, aby tre\u015b\u0107 oferty sprzeda\u017cy towar\u00f3w jak najdok\u0142adniej odpowiada\u0142a rzeczywisto\u015bci. Z uwagi na mo\u017cliwo\u015b\u0107 wyst\u0105pienia b\u0142\u0119d\u00f3w podczas dokonywanej aktualizacji (np. cen, konfiguracji, itd.) \u2013 ewentualne rozbie\u017cno\u015bci zostan\u0105 skorygowane w trakcie realizacji zam\u00f3wienia.<\/p>\n\n\n\n<p>11.3. Klient jest zobowi\u0105zany do zapoznania si\u0119 z tre\u015bci\u0105 niniejszego regulaminu i ka\u017cdorazowo zwi\u0105zany jest jego postanowieniami w chwili dokonywania zam\u00f3wienia.<\/p>\n\n\n\n<p>11.4. Umowa sprzeda\u017cy towar\u00f3w zawierana jest zgodnie z prawem polskim w j\u0119zyku polskim.<\/p>\n\n\n\n<p>11.5. Podstaw\u0105 jakichkolwiek roszcze\u0144 stron wynikaj\u0105cych z przepis\u00f3w prawa, jest potwierdzenie zam\u00f3wienia dostarczone Klientowi wraz z zam\u00f3wionym towarem.<\/p>\n\n\n\n<p>11.6. W sprawach nieuregulowanych w Regulaminie maj\u0105 zastosowanie przepisy prawa polskiego, a zw\u0142aszcza Kodeksu Cywilnego oraz przepisy Ustawy o szczeg\u00f3lnych warunkach sprzeda\u017cy konsumenckiej oraz zmianie Kodeksu cywilnego (Dz. U. Nr 141 z 2002 r. poz. 1176) i Ustawy o ochronie niekt\u00f3rych praw konsument\u00f3w oraz o odpowiedzialno\u015bci za szkod\u0119 wyrz\u0105dzon\u0105 przez produkt niebezpieczny (Dz. U. Nr 22 z 2000 r. poz. 271).<\/p>\n\n\n\n<p>11.7. Sklep Internetowy zastrzega sobie prawo do zmiany Regulaminu. Wszelkie zmiany niniejszych Warunk\u00f3w i Zasad sprzeda\u017cy obowi\u0105zuj\u0105 od daty opublikowania ich na stronie &nbsp;<a href=\"https:\/\/mnzp.pl\/ksiegarnia\/\">https:\/\/mnzp.pl\/ksiegarnia\/<\/a>. &nbsp;Zam\u00f3wienia z\u0142o\u017cone przed dat\u0105 wprowadzenia niniejszego regulaminu b\u0119d\u0105 realizowane na podstawie dotychczasowych zasad.<\/p>\n\n\n\n<p>11.8. S\u0105dem w\u0142a\u015bciwym dla rozpatrywania spor\u00f3w wynikaj\u0105cych z umowy sprzeda\u017cy jest s\u0105d w\u0142a\u015bciwy dla siedziby pozwanego lub s\u0105d w\u0142a\u015bciwy dla miejsca wykonania umowy.<\/p>\n","protected":false},"excerpt":{"rendered":"<p>S\u0141OWNICZEK Sklep internetowy MNZP \u2013 sklep dzia\u0142aj\u0105cy pod adresem https:\/\/mnzp.pl\/ksiegarnia\/ sprzedaj\u0105cy produkty znajduj\u0105ce si\u0119 w jego ofercie za po\u015brednictwem Internetu; Klient &#8211; osoba fizyczna lub prawna dokonuj\u0105ca zakup\u00f3w w Sklepie internetowym MNZP; Dni robocze \u2013 wszystkie dni tygodnia od poniedzia\u0142ku do pi\u0105tku, z wy\u0142\u0105czeniem dni ustawowo wolnych od pracy; Czas realizacji zam\u00f3wienia \u2013 czas, w [&hellip;]<\/p>\n","protected":false},"author":1,"featured_media":0,"parent":0,"menu_order":0,"comment_status":"closed","ping_status":"closed","template":"","meta":{"footnotes":""},"class_list":["post-33","page","type-page","status-publish","hentry"],"_links":{"self":[{"href":"https:\/\/mnzp.pl\/ksiegarnia\/index.php\/wp-json\/wp\/v2\/pages\/33","targetHints":{"allow":["GET"]}}],"collection":[{"href":"https:\/\/mnzp.pl\/ksiegarnia\/index.php\/wp-json\/wp\/v2\/pages"}],"about":[{"href":"https:\/\/mnzp.pl\/ksiegarnia\/index.php\/wp-json\/wp\/v2\/types\/page"}],"author":[{"embeddable":true,"href":"https:\/\/mnzp.pl\/ksiegarnia\/index.php\/wp-json\/wp\/v2\/users\/1"}],"replies":[{"embeddable":true,"href":"https:\/\/mnzp.pl\/ksiegarnia\/index.php\/wp-json\/wp\/v2\/comments?post=33"}],"version-history":[{"count":14,"href":"https:\/\/mnzp.pl\/ksiegarnia\/index.php\/wp-json\/wp\/v2\/pages\/33\/revisions"}],"predecessor-version":[{"id":505,"href":"https:\/\/mnzp.pl\/ksiegarnia\/index.php\/wp-json\/wp\/v2\/pages\/33\/revisions\/505"}],"wp:attachment":[{"href":"https:\/\/mnzp.pl\/ksiegarnia\/index.php\/wp-json\/wp\/v2\/media?parent=33"}],"curies":[{"name":"wp","href":"https:\/\/api.w.org\/{rel}","templated":true}]}}